{"id":2165,"date":"2022-01-16T22:30:09","date_gmt":"2022-01-16T15:30:09","guid":{"rendered":"https:\/\/vifuco.com.vn\/?page_id=2165"},"modified":"2022-12-15T23:29:24","modified_gmt":"2022-12-15T16:29:24","slug":"sales-policy-and-method-payment","status":"publish","type":"page","link":"https:\/\/www.vifuco.com.vn\/en\/sales-policy-and-method-payment","title":{"rendered":"Sales policy and payment method"},"content":{"rendered":"\t\t<div data-elementor-type=\"wp-page\" data-elementor-id=\"2165\" class=\"elementor elementor-2165 elementor-1937\" data-elementor-post-type=\"page\">\n\t\t\t\t\t\t<section class=\"elementor-section elementor-top-section elementor-element elementor-element-300ef5f0 elementor-section-boxed elementor-section-height-default elementor-section-height-default\" data-id=\"300ef5f0\" data-element_type=\"section\" data-e-type=\"section\">\n\t\t\t\t\t\t<div class=\"elementor-container elementor-column-gap-default\">\n\t\t\t\t\t<div class=\"elementor-column elementor-col-100 elementor-top-column elementor-element elementor-element-3118ec7e\" data-id=\"3118ec7e\" data-element_type=\"column\" data-e-type=\"column\">\n\t\t\t<div class=\"elementor-widget-wrap elementor-element-populated\">\n\t\t\t\t\t\t<div class=\"elementor-element elementor-element-30634879 elementor-widget elementor-widget-text-editor\" data-id=\"30634879\" data-element_type=\"widget\" data-e-type=\"widget\" data-widget_type=\"text-editor.default\">\n\t\t\t\t\t\t\t\t\t<p><span style=\"font-family: 'times new roman', times, serif;\"><strong><span style=\"font-size: 14pt;\">I<\/span><\/strong>. <strong><span style=\"font-size: 14pt;\">Sales policy<\/span><\/strong> <\/span><\/p>\n<p><span style=\"font-family: 'times new roman', times, serif;\"><img fetchpriority=\"high\" decoding=\"async\" class=\"wp-image-2158 aligncenter\" src=\"https:\/\/vifuco.com.vn\/wp-content\/uploads\/2022\/01\/salepolicy@vifuco-1024x473.png\" alt=\"\" width=\"462\" height=\"214\" title=\"\"><\/span><\/p>\n<ul>\n<li><span style=\"text-decoration: underline; font-family: 'times new roman', times, serif;\"><span style=\"font-size: 14pt;\">For the domestic market:<\/span><\/span><br \/><span style=\"font-size: 14pt; font-family: 'times new roman', times, serif;\"><a href=\"https:\/\/vifuco.com.vn\/gioi-thieu\" target=\"_blank\" rel=\"noopener\" data-schema-attribute=\"about mentions\"><span style=\"color: #ff0000;\"><strong>VIFUCO<\/strong><\/span><\/a>\u2019s products are sold through the Company\u2019s distribution system with priority. In case the user buys directly at the Company, the retail price is applied.<\/span><\/li>\n<li><span style=\"font-family: 'times new roman', times, serif;\"><span style=\"font-size: 14pt;\"><span style=\"text-decoration: underline;\">For export market<\/span>:<\/span> <span style=\"font-size: 14pt;\">sales policy through distributors, according to the applicable incoterm as following<\/span> <span style=\"font-size: 14pt;\"><strong>FOB<\/strong> (Delivery on board \u2013 USD) | or <strong>CIF<\/strong> (Freight, insurance, freight \u2013 USD) based on customer requirements.<\/span> <\/span><\/li>\n<\/ul>\n<p><span style=\"font-size: 14pt; font-family: 'times new roman', times, serif;\"><strong>II. Payment methods<\/strong><\/span><\/p>\n<p><span style=\"font-family: 'times new roman', times, serif;\"><img decoding=\"async\" class=\"wp-image-2160 alignnone\" src=\"https:\/\/vifuco.com.vn\/wp-content\/uploads\/2022\/01\/thanhtoanvifuco-1024x576.png\" alt=\"\" width=\"303\" height=\"171\" title=\"\" srcset=\"https:\/\/www.vifuco.com.vn\/wp-content\/uploads\/2022\/01\/thanhtoanvifuco-1024x576.png 1024w, https:\/\/www.vifuco.com.vn\/wp-content\/uploads\/2022\/01\/thanhtoanvifuco-300x169.png 300w, https:\/\/www.vifuco.com.vn\/wp-content\/uploads\/2022\/01\/thanhtoanvifuco-768x432.png 768w, https:\/\/www.vifuco.com.vn\/wp-content\/uploads\/2022\/01\/thanhtoanvifuco-600x338.png 600w, https:\/\/www.vifuco.com.vn\/wp-content\/uploads\/2022\/01\/thanhtoanvifuco.png 1358w\" sizes=\"(max-width: 303px) 100vw, 303px\" \/><\/span><\/p>\n<ul>\n<li><span style=\"font-size: 14pt; font-family: 'times new roman', times, serif;\">Cash (VND)<\/span><\/li>\n<li><span style=\"font-size: 14pt; font-family: 'times new roman', times, serif;\">Payment by wire transfer before delivery (T\/T in advance) is only applicable for export.<\/span><\/li>\n<li><span style=\"font-size: 14pt; font-family: 'times new roman', times, serif;\">Open L\/C at sight.<\/span><\/li>\n<li><span style=\"font-size: 14pt; font-family: 'times new roman', times, serif;\">Bank transfer:<\/span><\/li>\n<\/ul>\n<div style=\"text-align: left; padding-left: 160px;\"><span id=\"input_part_0\" class=\"\" style=\"font-size: 14pt; font-family: 'times new roman', times, serif;\" data-mention=\"Ng\u00e2n H\u00e0ng Vietcombank Chi Nh\u00e1nh B\u00ecnh D\u01b0\u01a1ng\"><img decoding=\"async\" class=\"wp-image-2146 alignnone\" src=\"https:\/\/vifuco.com.vn\/wp-content\/uploads\/2022\/01\/vietcom.jpg\" alt=\"\" width=\"85\" height=\"85\" title=\"\" srcset=\"https:\/\/www.vifuco.com.vn\/wp-content\/uploads\/2022\/01\/vietcom.jpg 300w, https:\/\/www.vifuco.com.vn\/wp-content\/uploads\/2022\/01\/vietcom-150x150.jpg 150w, https:\/\/www.vifuco.com.vn\/wp-content\/uploads\/2022\/01\/vietcom-100x100.jpg 100w\" sizes=\"(max-width: 85px) 100vw, 85px\" \/><\/span><\/div>\n<div style=\"text-align: left; padding-left: 160px;\"><span id=\"input_part_0\" class=\"\" style=\"font-size: 14pt; font-family: 'times new roman', times, serif;\" data-mention=\"Ng\u00e2n H\u00e0ng Vietcombank Chi Nh\u00e1nh B\u00ecnh D\u01b0\u01a1ng\"><span style=\"font-size: 14pt;\">Vietcombank \u2013 Binh Duong Branch<\/span><\/span><\/div>\n<div style=\"padding-left: 160px;\"><span id=\"input_part_0\" class=\"\" style=\"font-size: 14pt; font-family: 'times new roman', times, serif;\" data-mention=\"C\u00f4ng Ty TNHH V\u0129nh Ph\u00fa\">Vinh Phu Company Limited<\/span><\/div>\n<div style=\"text-align: left; padding-left: 160px;\"><span id=\"input_part_0\" class=\"\" style=\"font-size: 14pt; font-family: 'times new roman', times, serif;\" data-mention=\"Stk: 0281000623206\">Account number: 0281000623206<\/span><\/div>\n<div style=\"text-align: left; padding-left: 160px;\"><span id=\"input_part_0\" class=\"\" style=\"font-size: 14pt; font-family: 'times new roman', times, serif;\" data-mention=\"Ng\u00e2n H\u00e0ng TM CP \u0110\u00f4ng \u00c1 - CN B\u00ecnh D\u01b0\u01a1ng  \"><img loading=\"lazy\" decoding=\"async\" class=\"wp-image-2143 alignnone\" src=\"https:\/\/vifuco.com.vn\/wp-content\/uploads\/2022\/01\/DongAnBank--1024x1024.png\" alt=\"\" width=\"98\" height=\"98\" title=\"\" srcset=\"https:\/\/www.vifuco.com.vn\/wp-content\/uploads\/2022\/01\/DongAnBank--1024x1024.png 1024w, https:\/\/www.vifuco.com.vn\/wp-content\/uploads\/2022\/01\/DongAnBank--300x300.png 300w, https:\/\/www.vifuco.com.vn\/wp-content\/uploads\/2022\/01\/DongAnBank--150x150.png 150w, https:\/\/www.vifuco.com.vn\/wp-content\/uploads\/2022\/01\/DongAnBank--768x768.png 768w, https:\/\/www.vifuco.com.vn\/wp-content\/uploads\/2022\/01\/DongAnBank--600x600.png 600w, https:\/\/www.vifuco.com.vn\/wp-content\/uploads\/2022\/01\/DongAnBank--100x100.png 100w, https:\/\/www.vifuco.com.vn\/wp-content\/uploads\/2022\/01\/DongAnBank-.png 1097w\" sizes=\"(max-width: 98px) 100vw, 98px\" \/>  <\/span><\/div>\n<div style=\"text-align: left; padding-left: 160px;\"><span id=\"input_part_0\" class=\"\" style=\"font-size: 14pt; font-family: 'times new roman', times, serif;\" data-mention=\"C\u00f4ng Ty TNHH V\u0129nh Ph\u00fa\"><span style=\"font-size: 14pt;\">Dong A Commercial Joint Stock Bank \u2013 Binh Duong Branch<\/span>                     <\/span><\/div>\n<div style=\"text-align: left; padding-left: 160px;\"><span id=\"input_part_0\" class=\"\" style=\"font-size: 14pt; font-family: 'times new roman', times, serif;\" data-mention=\"C\u00f4ng Ty TNHH V\u0129nh Ph\u00fa\">Vinh Phu Company Limited<\/span><\/div>\n<div style=\"text-align: left; padding-left: 160px;\"><span id=\"input_part_0\" class=\"\" style=\"font-size: 14pt; font-family: 'times new roman', times, serif;\" data-mention=\"Stk: 000321430008\">Account number: 000321430008 (Foreign currency account)<\/span><\/div>\n<div style=\"text-align: left; padding-left: 160px;\"><span style=\"font-size: 14pt; font-family: 'times new roman', times, serif;\">Swift code: EACBVNVX<\/span><\/div>\n<div>\n<div> <\/div>\n<\/div>\n\t\t\t\t\t\t\t\t<\/div>\n\t\t\t\t\t<\/div>\n\t\t<\/div>\n\t\t\t\t\t<\/div>\n\t\t<\/section>\n\t\t\t\t<\/div>\n\t\t","protected":false},"excerpt":{"rendered":"<div class='heateorSssClear'><\/div><div  class='heateor_sss_sharing_container heateor_sss_horizontal_sharing' data-heateor-sss-href='https:\/\/www.vifuco.com.vn\/en\/sales-policy-and-method-payment'><div class='heateor_sss_sharing_title' style=\"font-weight:bold\" >INFO by VIFUCO<\/div><div class=\"heateor_sss_sharing_ul\"><a aria-label=\"Facebook\" class=\"heateor_sss_facebook\" href=\"https:\/\/www.facebook.com\/sharer\/sharer.php?u=https%3A%2F%2Fwww.vifuco.com.vn%2Fen%2Fsales-policy-and-method-payment\" title=\"Facebook\" rel=\"nofollow noopener\" target=\"_blank\" style=\"font-size:32px!important;box-shadow:none;display:inline-block;vertical-align:middle\"><span class=\"heateor_sss_svg\" style=\"background-color:#0765FE;width:35px;height:35px;border-radius:999px;display:inline-block;opacity:1;float:left;font-size:32px;box-shadow:none;display:inline-block;font-size:16px;padding:0 4px;vertical-align:middle;background-repeat:repeat;overflow:hidden;padding:0;cursor:pointer;box-sizing:content-box\"><svg style=\"display:block;border-radius:999px;\" focusable=\"false\" aria-hidden=\"true\" xmlns=\"http:\/\/www.w3.org\/2000\/svg\" width=\"100%\" height=\"100%\" viewBox=\"0 0 32 32\"><path fill=\"#fff\" d=\"M28 16c0-6.627-5.373-12-12-12S4 9.373 4 16c0 5.628 3.875 10.35 9.101 11.647v-7.98h-2.474V16H13.1v-1.58c0-4.085 1.849-5.978 5.859-5.978.76 0 2.072.15 2.608.298v3.325c-.283-.03-.775-.045-1.386-.045-1.967 0-2.728.745-2.728 2.683V16h3.92l-.673 3.667h-3.247v8.245C23.395 27.195 28 22.135 28 16Z\"><\/path><\/svg><\/span><\/a><a aria-label=\"Print\" class=\"heateor_sss_button_print\" href=\"https:\/\/www.vifuco.com.vn\/en\/sales-policy-and-method-payment\" onclick=\"event.preventDefault();window.print()\" title=\"Print\" rel=\"noopener\" style=\"font-size:32px!important;box-shadow:none;display:inline-block;vertical-align:middle\"><span class=\"heateor_sss_svg heateor_sss_s__default heateor_sss_s_print\" style=\"background-color:#fd6500;width:35px;height:35px;border-radius:999px;display:inline-block;opacity:1;float:left;font-size:32px;box-shadow:none;display:inline-block;font-size:16px;padding:0 4px;vertical-align:middle;background-repeat:repeat;overflow:hidden;padding:0;cursor:pointer;box-sizing:content-box\"><svg style=\"display:block;border-radius:999px;\" focusable=\"false\" aria-hidden=\"true\" xmlns=\"http:\/\/www.w3.org\/2000\/svg\" width=\"100%\" height=\"100%\" viewBox=\"-2.8 -4.5 35 35\"><path stroke=\"#fff\" class=\"heateor_sss_svg_stroke\" d=\"M 7 10 h 2 v 3 h 12 v -3 h 2 v 7 h -2 v -3 h -12 v 3 h -2 z\" stroke-width=\"1\" fill=\"#fff\"><\/path><rect class=\"heateor_sss_no_fill heateor_sss_svg_stroke\" stroke=\"#fff\" stroke-width=\"1.8\" height=\"7\" width=\"10\" x=\"10\" y=\"5\" fill=\"none\"><\/rect><rect class=\"heateor_sss_svg_stroke\" stroke=\"#fff\" stroke-width=\"1\" height=\"5\" width=\"8\" x=\"11\" y=\"16\" fill=\"#fff\"><\/rect><\/svg><\/span><\/a><a class=\"heateor_sss_more\" aria-label=\"More\" title=\"More\" rel=\"nofollow noopener\" style=\"font-size: 32px!important;border:0;box-shadow:none;display:inline-block!important;font-size:16px;padding:0 4px;vertical-align: middle;display:inline;\" href=\"https:\/\/www.vifuco.com.vn\/en\/sales-policy-and-method-payment\" onclick=\"event.preventDefault()\"><span class=\"heateor_sss_svg\" style=\"background-color:#ee8e2d;width:35px;height:35px;border-radius:999px;display:inline-block!important;opacity:1;float:left;font-size:32px!important;box-shadow:none;display:inline-block;font-size:16px;padding:0 4px;vertical-align:middle;display:inline;background-repeat:repeat;overflow:hidden;padding:0;cursor:pointer;box-sizing:content-box;\" onclick=\"heateorSssMoreSharingPopup(this, 'https:\/\/www.vifuco.com.vn\/en\/sales-policy-and-method-payment', 'Sales%20policy%20and%20payment%20method', '' )\"><svg xmlns=\"http:\/\/www.w3.org\/2000\/svg\" xmlns:xlink=\"http:\/\/www.w3.org\/1999\/xlink\" viewBox=\"-.3 0 32 32\" version=\"1.1\" width=\"100%\" height=\"100%\" style=\"display:block;border-radius:999px;\" xml:space=\"preserve\"><g><path fill=\"#fff\" d=\"M18 14V8h-4v6H8v4h6v6h4v-6h6v-4h-6z\" fill-rule=\"evenodd\"><\/path><\/g><\/svg><\/span><\/a><\/div><div class=\"heateorSssClear\"><\/div><\/div><div class='heateorSssClear'><\/div><p>I. Sales policy For the domestic market:VIFUCO\u2019s products are sold through the Company\u2019s distribution system with priority. In case the user buys directly at the Company, the retail price is applied. For export market: sales policy through distributors, according to the applicable incoterm as following FOB (Delivery on board \u2013 USD) | or CIF (Freight, [&hellip;]<\/p>\n","protected":false},"author":1,"featured_media":0,"parent":0,"menu_order":0,"comment_status":"closed","ping_status":"closed","template":"","meta":{"_monsterinsights_skip_tracking":false,"_monsterinsights_sitenote_active":false,"_monsterinsights_sitenote_note":"","_monsterinsights_sitenote_category":0,"_uf_show_specific_survey":0,"_uf_disable_surveys":false,"site-sidebar-layout":"default","site-content-layout":"boxed-container","ast-site-content-layout":"default","site-content-style":"default","site-sidebar-style":"default","ast-global-header-display":"","ast-banner-title-visibility":"","ast-main-header-display":"","ast-hfb-above-header-display":"","ast-hfb-below-header-display":"","ast-hfb-mobile-header-display":"","site-post-title":"","ast-breadcrumbs-content":"","ast-featured-img":"","footer-sml-layout":"","ast-disable-related-posts":"","theme-transparent-header-meta":"default","adv-header-id-meta":"","stick-header-meta":"","header-above-stick-meta":"","header-main-stick-meta":"","header-below-stick-meta":"","astra-migrate-meta-layouts":"default","ast-page-background-enabled":"default","ast-page-background-meta":{"desktop":{"background-color":"var(--ast-global-color-4)","background-image":"","background-repeat":"repeat","background-position":"center center","background-size":"auto","background-attachment":"scroll","background-type":"","background-media":"","overlay-type":"","overlay-color":"","overlay-opacity":"","overlay-gradient":""},"tablet":{"background-color":"","background-image":"","background-repeat":"repeat","background-position":"center center","background-size":"auto","background-attachment":"scroll","background-type":"","background-media":"","overlay-type":"","overlay-color":"","overlay-opacity":"","overlay-gradient":""},"mobile":{"background-color":"","background-image":"","background-repeat":"repeat","background-position":"center center","background-size":"auto","background-attachment":"scroll","background-type":"","background-media":"","overlay-type":"","overlay-color":"","overlay-opacity":"","overlay-gradient":""}},"ast-content-background-meta":{"desktop":{"background-color":"var(--ast-global-color-5)","background-image":"","background-repeat":"repeat","background-position":"center center","background-size":"auto","background-attachment":"scroll","background-type":"","background-media":"","overlay-type":"","overlay-color":"","overlay-opacity":"","overlay-gradient":""},"tablet":{"background-color":"var(--ast-global-color-5)","background-image":"","background-repeat":"repeat","background-position":"center center","background-size":"auto","background-attachment":"scroll","background-type":"","background-media":"","overlay-type":"","overlay-color":"","overlay-opacity":"","overlay-gradient":""},"mobile":{"background-color":"var(--ast-global-color-5)","background-image":"","background-repeat":"repeat","background-position":"center center","background-size":"auto","background-attachment":"scroll","background-type":"","background-media":"","overlay-type":"","overlay-color":"","overlay-opacity":"","overlay-gradient":""}},"footnotes":""},"class_list":["post-2165","page","type-page","status-publish","hentry"],"_links":{"self":[{"href":"https:\/\/www.vifuco.com.vn\/en\/wp-json\/wp\/v2\/pages\/2165","targetHints":{"allow":["GET"]}}],"collection":[{"href":"https:\/\/www.vifuco.com.vn\/en\/wp-json\/wp\/v2\/pages"}],"about":[{"href":"https:\/\/www.vifuco.com.vn\/en\/wp-json\/wp\/v2\/types\/page"}],"author":[{"embeddable":true,"href":"https:\/\/www.vifuco.com.vn\/en\/wp-json\/wp\/v2\/users\/1"}],"replies":[{"embeddable":true,"href":"https:\/\/www.vifuco.com.vn\/en\/wp-json\/wp\/v2\/comments?post=2165"}],"version-history":[{"count":4,"href":"https:\/\/www.vifuco.com.vn\/en\/wp-json\/wp\/v2\/pages\/2165\/revisions"}],"predecessor-version":[{"id":8884,"href":"https:\/\/www.vifuco.com.vn\/en\/wp-json\/wp\/v2\/pages\/2165\/revisions\/8884"}],"wp:attachment":[{"href":"https:\/\/www.vifuco.com.vn\/en\/wp-json\/wp\/v2\/media?parent=2165"}],"curies":[{"name":"wp","href":"https:\/\/api.w.org\/{rel}","templated":true}]}}