{"id":640,"date":"2021-11-15T08:11:12","date_gmt":"2021-11-21T14:16:21","guid":{"rendered":"https:\/\/vifuco.com.vn\/san-pham\/power-trowel\/"},"modified":"2024-10-02T23:51:00","modified_gmt":"2024-10-02T16:51:00","slug":"mpt36b-power-trowel-frame","status":"publish","type":"product","link":"https:\/\/www.vifuco.com.vn\/en\/products\/mpt36b-power-trowel-frame","title":{"rendered":"MPT36B power trowel frame"},"content":{"rendered":"<table style=\"width: 82.4441%; height: 354px;\" width=\"667\">\n<tbody>\n<tr style=\"height: 51px;\">\n<td style=\"height: 51px; width: 46.4439%;\" width=\"428\">\n<h2><strong><span style=\"font-size: 14pt; font-family: 'times new roman', times, serif;\">MODEL<\/span><\/strong><\/h2>\n<\/td>\n<td style=\"height: 51px; width: 35.3233%; text-align: center;\" width=\"239\">\n<h2><strong><span style=\"font-size: 14pt; font-family: 'times new roman', times, serif;\">MPT36B<\/span><\/strong><\/h2>\n<\/td>\n<\/tr>\n<tr style=\"height: 51px;\">\n<td style=\"height: 51px; width: 46.4439%;\"><span style=\"font-size: 14pt; font-family: 'times new roman', times, serif;\">Dimensions (mm)<\/span><\/td>\n<td style=\"height: 51px; width: 35.3233%; text-align: center;\"><span style=\"font-size: 14pt; font-family: 'times new roman', times, serif;\">1610 x 1010 x 810<\/span><\/td>\n<\/tr>\n<tr style=\"height: 51px;\">\n<td style=\"height: 51px; width: 46.4439%;\"><span style=\"font-size: 14pt; font-family: 'times new roman', times, serif;\">Trowel diameters (mm\/inch)<\/span><\/td>\n<td style=\"height: 51px; width: 35.3233%; text-align: center;\"><span style=\"font-size: 14pt; font-family: 'times new roman', times, serif;\">910 \/ 35&#8221;<\/span><\/td>\n<\/tr>\n<tr style=\"height: 51px;\">\n<td style=\"height: 51px; width: 46.4439%;\"><span style=\"font-size: 14pt; font-family: 'times new roman', times, serif;\">Blade dimension (mm)<\/span><\/td>\n<td style=\"height: 51px; width: 35.3233%; text-align: center;\"><span style=\"font-size: 14pt; font-family: 'times new roman', times, serif;\">350 x 177<\/span><\/td>\n<\/tr>\n<tr style=\"height: 51px;\">\n<td style=\"height: 51px; width: 46.4439%;\"><span style=\"font-size: 14pt; font-family: 'times new roman', times, serif;\">Trowel speed (v\/p)<\/span><\/td>\n<td style=\"height: 51px; width: 35.3233%; text-align: center;\"><span style=\"font-size: 14pt; font-family: 'times new roman', times, serif;\">50 &#8211; 100<\/span><\/td>\n<\/tr>\n<tr style=\"height: 51px;\">\n<td style=\"height: 51px; width: 46.4439%;\"><span style=\"font-size: 14pt; font-family: 'times new roman', times, serif;\">Power sources (hp) 3.600 v\/p<\/span><\/td>\n<td style=\"height: 51px; width: 35.3233%; text-align: center;\"><span style=\"font-size: 14pt; font-family: 'times new roman', times, serif;\">5,5<\/span><\/td>\n<\/tr>\n<tr style=\"height: 51px;\">\n<td style=\"height: 48px; width: 46.4439%;\"><span style=\"font-size: 14pt; font-family: 'times new roman', times, serif;\">Weight (kg)<\/span><\/td>\n<td style=\"height: 48px; width: 35.3233%; text-align: center;\"><span style=\"font-size: 14pt; font-family: 'times new roman', times, serif;\">75<\/span><\/td>\n<\/tr>\n<tr>\n<td style=\"width: 46.4439%;\"><span style=\"font-size: 14pt; font-family: 'times new roman', times, serif;\">Raw materials<\/span><\/td>\n<td style=\"width: 35.3233%; text-align: center;\"><span style=\"font-size: 14pt; font-family: 'times new roman', times, serif;\">Ductile Iron<\/span><\/td>\n<\/tr>\n<\/tbody>\n<\/table>\n\n\n<div class=\"kk-star-ratings kksr-auto kksr-align-left kksr-valign-bottom\"\n    data-payload='{&quot;align&quot;:&quot;left&quot;,&quot;id&quot;:&quot;640&quot;,&quot;slug&quot;:&quot;default&quot;,&quot;valign&quot;:&quot;bottom&quot;,&quot;ignore&quot;:&quot;&quot;,&quot;reference&quot;:&quot;auto&quot;,&quot;class&quot;:&quot;&quot;,&quot;count&quot;:&quot;50&quot;,&quot;legendonly&quot;:&quot;&quot;,&quot;readonly&quot;:&quot;&quot;,&quot;score&quot;:&quot;4.5&quot;,&quot;starsonly&quot;:&quot;&quot;,&quot;best&quot;:&quot;5&quot;,&quot;gap&quot;:&quot;5&quot;,&quot;greet&quot;:&quot;M\u1eddi B\u1ea1n \u0111\u00e1nh gi\u00e1 | Please leave me some STARS&quot;,&quot;legend&quot;:&quot;4.5\\\/5 - (50 votes)&quot;,&quot;size&quot;:&quot;25&quot;,&quot;title&quot;:&quot;MPT36B power trowel frame&quot;,&quot;width&quot;:&quot;132.5&quot;,&quot;_legend&quot;:&quot;{score}\\\/{best} - ({count} {votes})&quot;,&quot;font_factor&quot;:&quot;1.25&quot;}'>\n            \n<div class=\"kksr-stars\">\n    \n<div class=\"kksr-stars-inactive\">\n            <div class=\"kksr-star\" data-star=\"1\" style=\"padding-right: 5px\">\n            \n\n<div class=\"kksr-icon\" style=\"width: 25px; height: 25px;\"><\/div>\n        <\/div>\n            <div class=\"kksr-star\" data-star=\"2\" style=\"padding-right: 5px\">\n            \n\n<div class=\"kksr-icon\" style=\"width: 25px; height: 25px;\"><\/div>\n        <\/div>\n            <div class=\"kksr-star\" data-star=\"3\" style=\"padding-right: 5px\">\n            \n\n<div class=\"kksr-icon\" style=\"width: 25px; height: 25px;\"><\/div>\n        <\/div>\n            <div class=\"kksr-star\" data-star=\"4\" style=\"padding-right: 5px\">\n            \n\n<div class=\"kksr-icon\" style=\"width: 25px; height: 25px;\"><\/div>\n        <\/div>\n            <div class=\"kksr-star\" data-star=\"5\" style=\"padding-right: 5px\">\n            \n\n<div class=\"kksr-icon\" style=\"width: 25px; height: 25px;\"><\/div>\n        <\/div>\n    <\/div>\n    \n<div class=\"kksr-stars-active\" style=\"width: 132.5px;\">\n            <div class=\"kksr-star\" style=\"padding-right: 5px\">\n            \n\n<div class=\"kksr-icon\" style=\"width: 25px; height: 25px;\"><\/div>\n        <\/div>\n            <div class=\"kksr-star\" style=\"padding-right: 5px\">\n            \n\n<div class=\"kksr-icon\" style=\"width: 25px; height: 25px;\"><\/div>\n        <\/div>\n            <div class=\"kksr-star\" style=\"padding-right: 5px\">\n            \n\n<div class=\"kksr-icon\" style=\"width: 25px; height: 25px;\"><\/div>\n        <\/div>\n            <div class=\"kksr-star\" style=\"padding-right: 5px\">\n            \n\n<div class=\"kksr-icon\" style=\"width: 25px; height: 25px;\"><\/div>\n        <\/div>\n            <div class=\"kksr-star\" style=\"padding-right: 5px\">\n            \n\n<div class=\"kksr-icon\" style=\"width: 25px; height: 25px;\"><\/div>\n        <\/div>\n    <\/div>\n<\/div>\n                \n\n<div class=\"kksr-legend\" style=\"font-size: 20px;\">\n            4.5\/5 - (50 votes)    <\/div>\n    <\/div>\n","protected":false},"excerpt":{"rendered":"<div class='heateorSssClear'><\/div><div  class='heateor_sss_sharing_container heateor_sss_horizontal_sharing' data-heateor-sss-href='https:\/\/www.vifuco.com.vn\/en\/products\/mpt36b-power-trowel-frame'><div class='heateor_sss_sharing_title' style=\"font-weight:bold\" >INFO by VIFUCO<\/div><div class=\"heateor_sss_sharing_ul\"><a aria-label=\"Facebook\" class=\"heateor_sss_facebook\" href=\"https:\/\/www.facebook.com\/sharer\/sharer.php?u=https%3A%2F%2Fwww.vifuco.com.vn%2Fen%2Fproducts%2Fmpt36b-power-trowel-frame\" title=\"Facebook\" rel=\"nofollow noopener\" target=\"_blank\" style=\"font-size:32px!important;box-shadow:none;display:inline-block;vertical-align:middle\"><span class=\"heateor_sss_svg\" style=\"background-color:#0765FE;width:35px;height:35px;border-radius:999px;display:inline-block;opacity:1;float:left;font-size:32px;box-shadow:none;display:inline-block;font-size:16px;padding:0 4px;vertical-align:middle;background-repeat:repeat;overflow:hidden;padding:0;cursor:pointer;box-sizing:content-box\"><svg style=\"display:block;border-radius:999px;\" focusable=\"false\" aria-hidden=\"true\" xmlns=\"http:\/\/www.w3.org\/2000\/svg\" width=\"100%\" height=\"100%\" viewBox=\"0 0 32 32\"><path fill=\"#fff\" d=\"M28 16c0-6.627-5.373-12-12-12S4 9.373 4 16c0 5.628 3.875 10.35 9.101 11.647v-7.98h-2.474V16H13.1v-1.58c0-4.085 1.849-5.978 5.859-5.978.76 0 2.072.15 2.608.298v3.325c-.283-.03-.775-.045-1.386-.045-1.967 0-2.728.745-2.728 2.683V16h3.92l-.673 3.667h-3.247v8.245C23.395 27.195 28 22.135 28 16Z\"><\/path><\/svg><\/span><\/a><a aria-label=\"Print\" class=\"heateor_sss_button_print\" href=\"https:\/\/www.vifuco.com.vn\/en\/products\/mpt36b-power-trowel-frame\" onclick=\"event.preventDefault();window.print()\" title=\"Print\" rel=\"noopener\" style=\"font-size:32px!important;box-shadow:none;display:inline-block;vertical-align:middle\"><span class=\"heateor_sss_svg heateor_sss_s__default heateor_sss_s_print\" style=\"background-color:#fd6500;width:35px;height:35px;border-radius:999px;display:inline-block;opacity:1;float:left;font-size:32px;box-shadow:none;display:inline-block;font-size:16px;padding:0 4px;vertical-align:middle;background-repeat:repeat;overflow:hidden;padding:0;cursor:pointer;box-sizing:content-box\"><svg style=\"display:block;border-radius:999px;\" focusable=\"false\" aria-hidden=\"true\" xmlns=\"http:\/\/www.w3.org\/2000\/svg\" width=\"100%\" height=\"100%\" viewBox=\"-2.8 -4.5 35 35\"><path stroke=\"#fff\" class=\"heateor_sss_svg_stroke\" d=\"M 7 10 h 2 v 3 h 12 v -3 h 2 v 7 h -2 v -3 h -12 v 3 h -2 z\" stroke-width=\"1\" fill=\"#fff\"><\/path><rect class=\"heateor_sss_no_fill heateor_sss_svg_stroke\" stroke=\"#fff\" stroke-width=\"1.8\" height=\"7\" width=\"10\" x=\"10\" y=\"5\" fill=\"none\"><\/rect><rect class=\"heateor_sss_svg_stroke\" stroke=\"#fff\" stroke-width=\"1\" height=\"5\" width=\"8\" x=\"11\" y=\"16\" fill=\"#fff\"><\/rect><\/svg><\/span><\/a><a class=\"heateor_sss_more\" aria-label=\"More\" title=\"More\" rel=\"nofollow noopener\" style=\"font-size: 32px!important;border:0;box-shadow:none;display:inline-block!important;font-size:16px;padding:0 4px;vertical-align: middle;display:inline;\" href=\"https:\/\/www.vifuco.com.vn\/en\/products\/mpt36b-power-trowel-frame\" onclick=\"event.preventDefault()\"><span class=\"heateor_sss_svg\" style=\"background-color:#ee8e2d;width:35px;height:35px;border-radius:999px;display:inline-block!important;opacity:1;float:left;font-size:32px!important;box-shadow:none;display:inline-block;font-size:16px;padding:0 4px;vertical-align:middle;display:inline;background-repeat:repeat;overflow:hidden;padding:0;cursor:pointer;box-sizing:content-box;\" onclick=\"heateorSssMoreSharingPopup(this, 'https:\/\/www.vifuco.com.vn\/en\/products\/mpt36b-power-trowel-frame', 'MPT36B%20power%20trowel%20frame', '' )\"><svg xmlns=\"http:\/\/www.w3.org\/2000\/svg\" xmlns:xlink=\"http:\/\/www.w3.org\/1999\/xlink\" viewBox=\"-.3 0 32 32\" version=\"1.1\" width=\"100%\" height=\"100%\" style=\"display:block;border-radius:999px;\" xml:space=\"preserve\"><g><path fill=\"#fff\" d=\"M18 14V8h-4v6H8v4h6v6h4v-6h6v-4h-6z\" fill-rule=\"evenodd\"><\/path><\/g><\/svg><\/span><\/a><\/div><div class=\"heateorSssClear\"><\/div><\/div><div class='heateorSssClear'><\/div><p><span style=\"color: #808080;\"><strong style=\"font-family: 'times new roman', times, serif; font-size: 16px;\">Power trowel frame<\/strong><span style=\"font-family: 'times new roman', times, serif; font-size: 16px;\"> (frame \/ machine) is a device used to rub the ground, smooth and flatten the surface, create a concrete layer in accordance with the quality requirements of the drawing for smoothness and high aesthetics. By taking advantage of the trowel <\/span>of <strong style=\"font-family: 'times new roman', times, serif; font-size: 16px;\">VIFUCO<\/strong> <span style=\"font-family: 'times new roman', times, serif; font-size: 16px;\">now the grounding is carried out easier and faster, helping to improve labor efficiency, save costs, and improve the quality of the work.<\/span> <\/span><\/p>\n<p style=\"text-align: center;\"><span style=\"font-family: 'times new roman', times, serif;\"><b><span style=\"color: #ff0000;\"><a title=\"VIFUCO\" href=\"https:\/\/www.vifuco.com.vn\/en\/about-us\" target=\"_blank\" rel=\"noopener\" data-schema-attribute=\"about\">VIFUCO<\/a><\/span><\/b> <span style=\"color: #808080;\">trusted address for quality and efficiency<\/span> <\/span><\/p>\n","protected":false},"featured_media":9667,"template":"","meta":{"_monsterinsights_skip_tracking":false,"_monsterinsights_sitenote_active":false,"_monsterinsights_sitenote_note":"","_monsterinsights_sitenote_category":0,"_uf_show_specific_survey":0,"_uf_disable_surveys":false,"site-sidebar-layout":"default","site-content-layout":"default","ast-site-content-layout":"default","site-content-style":"default","site-sidebar-style":"default","ast-global-header-display":"","ast-banner-title-visibility":"","ast-main-header-display":"","ast-hfb-above-header-display":"","ast-hfb-below-header-display":"","ast-hfb-mobile-header-display":"","site-post-title":"","ast-breadcrumbs-content":"","ast-featured-img":"","footer-sml-layout":"","ast-disable-related-posts":"","theme-transparent-header-meta":"default","adv-header-id-meta":"","stick-header-meta":"","header-above-stick-meta":"","header-main-stick-meta":"","header-below-stick-meta":"","astra-migrate-meta-layouts":"default","ast-page-background-enabled":"default","ast-page-background-meta":{"desktop":{"background-color":"var(--ast-global-color-4)","background-image":"","background-repeat":"repeat","background-position":"center center","background-size":"auto","background-attachment":"scroll","background-type":"","background-media":"","overlay-type":"","overlay-color":"","overlay-opacity":"","overlay-gradient":""},"tablet":{"background-color":"","background-image":"","background-repeat":"repeat","background-position":"center center","background-size":"auto","background-attachment":"scroll","background-type":"","background-media":"","overlay-type":"","overlay-color":"","overlay-opacity":"","overlay-gradient":""},"mobile":{"background-color":"","background-image":"","background-repeat":"repeat","background-position":"center center","background-size":"auto","background-attachment":"scroll","background-type":"","background-media":"","overlay-type":"","overlay-color":"","overlay-opacity":"","overlay-gradient":""}},"ast-content-background-meta":{"desktop":{"background-color":"var(--ast-global-color-5)","background-image":"","background-repeat":"repeat","background-position":"center center","background-size":"auto","background-attachment":"scroll","background-type":"","background-media":"","overlay-type":"","overlay-color":"","overlay-opacity":"","overlay-gradient":""},"tablet":{"background-color":"var(--ast-global-color-5)","background-image":"","background-repeat":"repeat","background-position":"center center","background-size":"auto","background-attachment":"scroll","background-type":"","background-media":"","overlay-type":"","overlay-color":"","overlay-opacity":"","overlay-gradient":""},"mobile":{"background-color":"var(--ast-global-color-5)","background-image":"","background-repeat":"repeat","background-position":"center center","background-size":"auto","background-attachment":"scroll","background-type":"","background-media":"","overlay-type":"","overlay-color":"","overlay-opacity":"","overlay-gradient":""}}},"product_brand":[],"product_cat":[56],"product_tag":[1646,900,896,899],"class_list":{"0":"post-640","1":"product","2":"type-product","3":"status-publish","4":"has-post-thumbnail","6":"product_cat-power-trowel-frame","7":"product_tag-mpt36b-en","8":"product_tag-quality-power-trowel","9":"product_tag-vifuco-en-2","10":"product_tag-vifuco-power-trowel","11":"desktop-align-left","12":"tablet-align-left","13":"mobile-align-left","14":"ast-product-gallery-layout-horizontal-slider","15":"ast-product-gallery-with-no-image","16":"ast-product-tabs-layout-horizontal","18":"first","19":"instock","20":"shipping-taxable","21":"product-type-simple"},"_links":{"self":[{"href":"https:\/\/www.vifuco.com.vn\/en\/wp-json\/wp\/v2\/product\/640","targetHints":{"allow":["GET"]}}],"collection":[{"href":"https:\/\/www.vifuco.com.vn\/en\/wp-json\/wp\/v2\/product"}],"about":[{"href":"https:\/\/www.vifuco.com.vn\/en\/wp-json\/wp\/v2\/types\/product"}],"version-history":[{"count":6,"href":"https:\/\/www.vifuco.com.vn\/en\/wp-json\/wp\/v2\/product\/640\/revisions"}],"predecessor-version":[{"id":10469,"href":"https:\/\/www.vifuco.com.vn\/en\/wp-json\/wp\/v2\/product\/640\/revisions\/10469"}],"wp:featuredmedia":[{"embeddable":true,"href":"https:\/\/www.vifuco.com.vn\/en\/wp-json\/wp\/v2\/media\/9667"}],"wp:attachment":[{"href":"https:\/\/www.vifuco.com.vn\/en\/wp-json\/wp\/v2\/media?parent=640"}],"wp:term":[{"taxonomy":"product_brand","embeddable":true,"href":"https:\/\/www.vifuco.com.vn\/en\/wp-json\/wp\/v2\/product_brand?post=640"},{"taxonomy":"product_cat","embeddable":true,"href":"https:\/\/www.vifuco.com.vn\/en\/wp-json\/wp\/v2\/product_cat?post=640"},{"taxonomy":"product_tag","embeddable":true,"href":"https:\/\/www.vifuco.com.vn\/en\/wp-json\/wp\/v2\/product_tag?post=640"}],"curies":[{"name":"wp","href":"https:\/\/api.w.org\/{rel}","templated":true}]}}