{"id":6522,"date":"2021-12-18T23:09:25","date_gmt":"2022-08-10T06:27:13","guid":{"rendered":"https:\/\/vifuco.com.vn\/spare-parts-for-concrete-mixers"},"modified":"2022-08-11T20:47:40","modified_gmt":"2022-08-11T13:47:40","slug":"spare-parts-for-concrete-mixers","status":"publish","type":"product","link":"https:\/\/www.vifuco.com.vn\/en\/products\/spare-parts-for-concrete-mixers","title":{"rendered":"Spare parts for concrete mixers"},"content":{"rendered":"<p><span style=\"font-family: 'times new roman', times, serif;\"><strong><span style=\"font-size: 24pt;\"><span style=\"font-size: 18pt;\">Concrete mixer structure<\/span> <\/span><\/strong><\/span><\/p>\n<table style=\"border-collapse: collapse; width: 46.7607%; height: 1526px;\">\n<tbody>\n<tr style=\"height: 51px;\">\n<td style=\"width: 15.2557%; height: 51px; text-align: center;\"><span style=\"font-family: 'times new roman', times, serif;\"><strong><span style=\"font-size: 14pt;\">Position<\/span><\/strong><\/span><\/td>\n<td style=\"width: 41.4579%; height: 51px; text-align: left;\"><span style=\"font-family: 'times new roman', times, serif;\"><strong><span style=\"font-size: 14pt;\">Name<\/span><\/strong><\/span><\/td>\n<\/tr>\n<tr style=\"height: 51px;\">\n<td style=\"width: 15.2557%; height: 51px; text-align: center;\"><span style=\"font-size: 14pt; font-family: 'times new roman', times, serif;\">1.<\/span><\/td>\n<td style=\"width: 41.4579%; height: 51px; text-align: left;\"><span style=\"font-size: 14pt; font-family: 'times new roman', times, serif;\">Main frame<\/span><\/td>\n<\/tr>\n<tr style=\"height: 46px;\">\n<td style=\"width: 15.2557%; height: 46px; text-align: center;\"><span style=\"font-size: 14pt; font-family: 'times new roman', times, serif;\">2.<\/span><\/td>\n<td style=\"width: 41.4579%; height: 46px; text-align: left;\"><span style=\"font-size: 14pt; font-family: 'times new roman', times, serif;\">Frame supporting the drum<\/span><\/td>\n<\/tr>\n<tr style=\"height: 46px;\">\n<td style=\"width: 15.2557%; height: 46px; text-align: center;\"><span style=\"font-size: 14pt; font-family: 'times new roman', times, serif;\">3.<\/span><\/td>\n<td style=\"width: 41.4579%; height: 46px; text-align: left;\"><span style=\"font-size: 14pt; font-family: 'times new roman', times, serif;\">Drum<\/span><\/td>\n<\/tr>\n<tr style=\"height: 46px;\">\n<td style=\"width: 15.2557%; height: 46px; text-align: center;\"><span style=\"font-size: 14pt; font-family: 'times new roman', times, serif;\">4.<\/span><\/td>\n<td style=\"width: 41.4579%; height: 46px; text-align: left;\"><span style=\"font-size: 14pt; font-family: 'times new roman', times, serif;\">Drum gear<\/span><\/td>\n<\/tr>\n<tr style=\"height: 46px;\">\n<td style=\"width: 15.2557%; height: 46px; text-align: center;\"><span style=\"font-size: 14pt; font-family: 'times new roman', times, serif;\">5.<\/span><\/td>\n<td style=\"width: 41.4579%; height: 46px; text-align: left;\"><span style=\"font-size: 14pt; font-family: 'times new roman', times, serif;\">Driving gear<\/span><\/td>\n<\/tr>\n<tr style=\"height: 46px;\">\n<td style=\"width: 15.2557%; height: 46px; text-align: center;\"><span style=\"font-size: 14pt; font-family: 'times new roman', times, serif;\">6.<\/span><\/td>\n<td style=\"width: 41.4579%; height: 46px; text-align: left;\"><span style=\"font-size: 14pt; font-family: 'times new roman', times, serif;\">Reversing gear A<\/span><\/td>\n<\/tr>\n<tr style=\"height: 46px;\">\n<td style=\"width: 15.2557%; height: 46px; text-align: center;\"><span style=\"font-size: 14pt; font-family: 'times new roman', times, serif;\">7.<\/span><\/td>\n<td style=\"width: 41.4579%; height: 46px; text-align: left;\"><span style=\"font-size: 14pt; font-family: 'times new roman', times, serif;\">Pipe supporting the drum<\/span><\/td>\n<\/tr>\n<tr style=\"height: 46px;\">\n<td style=\"width: 15.2557%; height: 46px; text-align: center;\"><span style=\"font-size: 14pt; font-family: 'times new roman', times, serif;\">8.<\/span><\/td>\n<td style=\"width: 41.4579%; height: 46px; text-align: left;\"><span style=\"font-size: 14pt; font-family: 'times new roman', times, serif;\">Shaft supporting the drum<\/span><\/td>\n<\/tr>\n<tr style=\"height: 46px;\">\n<td style=\"width: 15.2557%; height: 46px; text-align: center;\"><span style=\"font-size: 14pt; font-family: 'times new roman', times, serif;\">9.<\/span><\/td>\n<td style=\"width: 41.4579%; height: 46px; text-align: left;\"><span style=\"font-size: 14pt; font-family: 'times new roman', times, serif;\">Hand crank tilting the drum<\/span><\/td>\n<\/tr>\n<tr style=\"height: 46px;\">\n<td style=\"width: 15.2557%; height: 46px; text-align: center;\"><span style=\"font-size: 14pt; font-family: 'times new roman', times, serif;\">10.<\/span><\/td>\n<td style=\"width: 41.4579%; height: 46px; text-align: left;\"><span style=\"font-size: 14pt; font-family: 'times new roman', times, serif;\">Reversing gear B<\/span><\/td>\n<\/tr>\n<tr style=\"height: 46px;\">\n<td style=\"width: 15.2557%; height: 46px; text-align: center;\"><span style=\"font-size: 14pt; font-family: 'times new roman', times, serif;\">11.<\/span><\/td>\n<td style=\"width: 41.4579%; height: 46px; text-align: left;\"><span style=\"font-size: 14pt; font-family: 'times new roman', times, serif;\">Spring<\/span><\/td>\n<\/tr>\n<tr style=\"height: 46px;\">\n<td style=\"width: 15.2557%; height: 46px; text-align: center;\"><span style=\"font-size: 14pt; font-family: 'times new roman', times, serif;\">12.<\/span><\/td>\n<td style=\"width: 41.4579%; height: 46px; text-align: left;\"><span style=\"font-size: 14pt; font-family: 'times new roman', times, serif;\">Engine box<\/span><\/td>\n<\/tr>\n<tr style=\"height: 51px;\">\n<td style=\"width: 15.2557%; height: 51px; text-align: center;\"><span style=\"font-size: 14pt; font-family: 'times new roman', times, serif;\">13.<\/span><\/td>\n<td style=\"width: 41.4579%; height: 51px; text-align: left;\"><span style=\"font-size: 14pt; font-family: 'times new roman', times, serif;\">Engine cover<\/span><\/td>\n<\/tr>\n<tr style=\"height: 51px;\">\n<td style=\"width: 15.2557%; height: 51px; text-align: center;\"><span style=\"font-size: 14pt; font-family: 'times new roman', times, serif;\">14.<\/span><\/td>\n<td style=\"width: 41.4579%; height: 51px; text-align: left;\"><span style=\"font-size: 14pt; font-family: 'times new roman', times, serif;\">Driven shaft pulley<\/span><\/td>\n<\/tr>\n<tr style=\"height: 51px;\">\n<td style=\"width: 15.2557%; height: 51px; text-align: center;\"><span style=\"font-size: 14pt; font-family: 'times new roman', times, serif;\">15.<\/span><\/td>\n<td style=\"width: 41.4579%; height: 51px; text-align: left;\"><span style=\"font-size: 14pt; font-family: 'times new roman', times, serif;\">Driving shaft pulley<\/span><\/td>\n<\/tr>\n<tr style=\"height: 51px;\">\n<td style=\"width: 15.2557%; height: 51px; text-align: center;\"><span style=\"font-size: 14pt; font-family: 'times new roman', times, serif;\">16.<\/span><\/td>\n<td style=\"width: 41.4579%; height: 51px; text-align: left;\"><span style=\"font-size: 14pt; font-family: 'times new roman', times, serif;\">Bearing plate of engine<\/span><\/td>\n<\/tr>\n<tr style=\"height: 51px;\">\n<td style=\"width: 15.2557%; height: 51px; text-align: center;\"><span style=\"font-size: 14pt; font-family: 'times new roman', times, serif;\">17.<\/span><\/td>\n<td style=\"width: 41.4579%; height: 51px; text-align: left;\"><span style=\"font-size: 14pt; font-family: 'times new roman', times, serif;\">Engine (motor)<\/span><\/td>\n<\/tr>\n<tr style=\"height: 51px;\">\n<td style=\"width: 15.2557%; height: 51px; text-align: center;\"><span style=\"font-size: 14pt; font-family: 'times new roman', times, serif;\">18.<\/span><\/td>\n<td style=\"width: 41.4579%; height: 51px; text-align: left;\"><span style=\"font-size: 14pt; font-family: 'times new roman', times, serif;\">Wheel<\/span><\/td>\n<\/tr>\n<tr style=\"height: 51px;\">\n<td style=\"width: 15.2557%; height: 51px; text-align: center;\"><span style=\"font-size: 14pt; font-family: 'times new roman', times, serif;\">19.<\/span><\/td>\n<td style=\"width: 41.4579%; height: 51px; text-align: left;\"><span style=\"font-size: 14pt; font-family: 'times new roman', times, serif;\">Pedal<\/span><\/td>\n<\/tr>\n<tr style=\"height: 51px;\">\n<td style=\"width: 15.2557%; height: 51px; text-align: center;\"><span style=\"font-size: 14pt; font-family: 'times new roman', times, serif;\">20.<\/span><\/td>\n<td style=\"width: 41.4579%; height: 51px; text-align: left;\"><span style=\"font-size: 14pt; font-family: 'times new roman', times, serif;\">Ball bearing cover<\/span><\/td>\n<\/tr>\n<tr style=\"height: 51px;\">\n<td style=\"width: 15.2557%; height: 51px; text-align: center;\"><span style=\"font-size: 14pt; font-family: 'times new roman', times, serif;\">21.<\/span><\/td>\n<td style=\"width: 41.4579%; height: 51px; text-align: left;\"><span style=\"font-size: 14pt; font-family: 'times new roman', times, serif;\">Below drum ball bearing<\/span><\/td>\n<\/tr>\n<tr style=\"height: 51px;\">\n<td style=\"width: 15.2557%; height: 51px; text-align: center;\"><span style=\"font-size: 14pt; font-family: 'times new roman', times, serif;\">22.<\/span><\/td>\n<td style=\"width: 41.4579%; height: 51px; text-align: left;\"><span style=\"font-size: 14pt; font-family: 'times new roman', times, serif;\">Upper drum ball bearing<\/span><\/td>\n<\/tr>\n<tr style=\"height: 51px;\">\n<td style=\"width: 15.2557%; height: 51px; text-align: center;\"><span style=\"font-size: 14pt; font-family: 'times new roman', times, serif;\">23.<\/span><\/td>\n<td style=\"width: 41.4579%; height: 51px; text-align: left;\"><span style=\"font-size: 14pt; font-family: 'times new roman', times, serif;\">Load bearing ball bearing A<\/span><\/td>\n<\/tr>\n<tr style=\"height: 51px;\">\n<td style=\"width: 15.2557%; height: 51px; text-align: center;\"><span style=\"font-size: 14pt; font-family: 'times new roman', times, serif;\">24.<\/span><\/td>\n<td style=\"width: 41.4579%; height: 51px; text-align: left;\"><span style=\"font-size: 14pt; font-family: 'times new roman', times, serif;\">Load bearing ball bearing B<\/span><\/td>\n<\/tr>\n<tr style=\"height: 51px;\">\n<td style=\"width: 15.2557%; height: 51px; text-align: center;\"><span style=\"font-size: 14pt; font-family: 'times new roman', times, serif;\">25.<\/span><\/td>\n<td style=\"width: 41.4579%; height: 51px; text-align: left;\"><span style=\"font-size: 14pt; font-family: 'times new roman', times, serif;\">Ball bearing shaft<\/span><\/td>\n<\/tr>\n<tr style=\"height: 51px;\">\n<td style=\"width: 15.2557%; height: 51px; text-align: center;\"><span style=\"font-size: 14pt; font-family: 'times new roman', times, serif;\">26.<\/span><\/td>\n<td style=\"width: 41.4579%; height: 51px; text-align: left;\"><span style=\"font-size: 14pt; font-family: 'times new roman', times, serif;\">Wheel shaft<\/span><\/td>\n<\/tr>\n<tr style=\"height: 51px;\">\n<td style=\"width: 15.2557%; height: 51px; text-align: center;\"><span style=\"font-size: 14pt; font-family: 'times new roman', times, serif;\">27.<\/span><\/td>\n<td style=\"width: 41.4579%; height: 51px; text-align: left;\"><span style=\"font-size: 14pt; font-family: 'times new roman', times, serif;\">Wheel ball bearing<\/span><\/td>\n<\/tr>\n<tr style=\"height: 51px;\">\n<td style=\"width: 15.2557%; height: 51px; text-align: center;\"><span style=\"font-size: 14pt; font-family: 'times new roman', times, serif;\">28.<\/span><\/td>\n<td style=\"width: 41.4579%; height: 51px; text-align: left;\"><span style=\"font-size: 14pt; font-family: 'times new roman', times, serif;\">Reversing gear shaft<\/span><\/td>\n<\/tr>\n<tr style=\"height: 51px;\">\n<td style=\"width: 15.2557%; height: 51px; text-align: center;\"><span style=\"font-size: 14pt; font-family: 'times new roman', times, serif;\">29.<\/span><\/td>\n<td style=\"width: 41.4579%; height: 51px; text-align: left;\"><span style=\"font-size: 14pt; font-family: 'times new roman', times, serif;\">Shaft of hand crank tilting the drum<\/span><\/td>\n<\/tr>\n<tr style=\"height: 51px;\">\n<td style=\"width: 15.2557%; height: 51px; text-align: center;\"><span style=\"font-size: 14pt; font-family: 'times new roman', times, serif;\">30.<\/span><\/td>\n<td style=\"width: 41.4579%; height: 51px; text-align: left;\"><span style=\"font-size: 14pt; font-family: 'times new roman', times, serif;\">Drawbar<\/span><\/td>\n<\/tr>\n<\/tbody>\n<\/table>\n\n\n<div class=\"kk-star-ratings kksr-auto kksr-align-left kksr-valign-bottom\"\n    data-payload='{&quot;align&quot;:&quot;left&quot;,&quot;id&quot;:&quot;6522&quot;,&quot;slug&quot;:&quot;default&quot;,&quot;valign&quot;:&quot;bottom&quot;,&quot;ignore&quot;:&quot;&quot;,&quot;reference&quot;:&quot;auto&quot;,&quot;class&quot;:&quot;&quot;,&quot;count&quot;:&quot;14&quot;,&quot;legendonly&quot;:&quot;&quot;,&quot;readonly&quot;:&quot;&quot;,&quot;score&quot;:&quot;4.5&quot;,&quot;starsonly&quot;:&quot;&quot;,&quot;best&quot;:&quot;5&quot;,&quot;gap&quot;:&quot;5&quot;,&quot;greet&quot;:&quot;M\u1eddi B\u1ea1n \u0111\u00e1nh gi\u00e1 | Please leave me some STARS&quot;,&quot;legend&quot;:&quot;4.5\\\/5 - (14 votes)&quot;,&quot;size&quot;:&quot;25&quot;,&quot;title&quot;:&quot;Spare parts for concrete mixers&quot;,&quot;width&quot;:&quot;132.5&quot;,&quot;_legend&quot;:&quot;{score}\\\/{best} - ({count} {votes})&quot;,&quot;font_factor&quot;:&quot;1.25&quot;}'>\n            \n<div class=\"kksr-stars\">\n    \n<div class=\"kksr-stars-inactive\">\n            <div class=\"kksr-star\" data-star=\"1\" style=\"padding-right: 5px\">\n            \n\n<div class=\"kksr-icon\" style=\"width: 25px; height: 25px;\"><\/div>\n        <\/div>\n            <div class=\"kksr-star\" data-star=\"2\" style=\"padding-right: 5px\">\n            \n\n<div class=\"kksr-icon\" style=\"width: 25px; height: 25px;\"><\/div>\n        <\/div>\n            <div class=\"kksr-star\" data-star=\"3\" style=\"padding-right: 5px\">\n            \n\n<div class=\"kksr-icon\" style=\"width: 25px; height: 25px;\"><\/div>\n        <\/div>\n            <div class=\"kksr-star\" data-star=\"4\" style=\"padding-right: 5px\">\n            \n\n<div class=\"kksr-icon\" style=\"width: 25px; height: 25px;\"><\/div>\n        <\/div>\n            <div class=\"kksr-star\" data-star=\"5\" style=\"padding-right: 5px\">\n            \n\n<div class=\"kksr-icon\" style=\"width: 25px; height: 25px;\"><\/div>\n        <\/div>\n    <\/div>\n    \n<div class=\"kksr-stars-active\" style=\"width: 132.5px;\">\n            <div class=\"kksr-star\" style=\"padding-right: 5px\">\n            \n\n<div class=\"kksr-icon\" style=\"width: 25px; height: 25px;\"><\/div>\n        <\/div>\n            <div class=\"kksr-star\" style=\"padding-right: 5px\">\n            \n\n<div class=\"kksr-icon\" style=\"width: 25px; height: 25px;\"><\/div>\n        <\/div>\n            <div class=\"kksr-star\" style=\"padding-right: 5px\">\n            \n\n<div class=\"kksr-icon\" style=\"width: 25px; height: 25px;\"><\/div>\n        <\/div>\n            <div class=\"kksr-star\" style=\"padding-right: 5px\">\n            \n\n<div class=\"kksr-icon\" style=\"width: 25px; height: 25px;\"><\/div>\n        <\/div>\n            <div class=\"kksr-star\" style=\"padding-right: 5px\">\n            \n\n<div class=\"kksr-icon\" style=\"width: 25px; height: 25px;\"><\/div>\n        <\/div>\n    <\/div>\n<\/div>\n                \n\n<div class=\"kksr-legend\" style=\"font-size: 20px;\">\n            4.5\/5 - (14 votes)    <\/div>\n    <\/div>\n","protected":false},"excerpt":{"rendered":"<div class='heateorSssClear'><\/div><div  class='heateor_sss_sharing_container heateor_sss_horizontal_sharing' data-heateor-sss-href='https:\/\/www.vifuco.com.vn\/en\/products\/spare-parts-for-concrete-mixers'><div class='heateor_sss_sharing_title' style=\"font-weight:bold\" >INFO by VIFUCO<\/div><div class=\"heateor_sss_sharing_ul\"><a aria-label=\"Facebook\" class=\"heateor_sss_facebook\" href=\"https:\/\/www.facebook.com\/sharer\/sharer.php?u=https%3A%2F%2Fwww.vifuco.com.vn%2Fen%2Fproducts%2Fspare-parts-for-concrete-mixers\" title=\"Facebook\" rel=\"nofollow noopener\" target=\"_blank\" style=\"font-size:32px!important;box-shadow:none;display:inline-block;vertical-align:middle\"><span class=\"heateor_sss_svg\" style=\"background-color:#0765FE;width:35px;height:35px;border-radius:999px;display:inline-block;opacity:1;float:left;font-size:32px;box-shadow:none;display:inline-block;font-size:16px;padding:0 4px;vertical-align:middle;background-repeat:repeat;overflow:hidden;padding:0;cursor:pointer;box-sizing:content-box\"><svg style=\"display:block;border-radius:999px;\" focusable=\"false\" aria-hidden=\"true\" xmlns=\"http:\/\/www.w3.org\/2000\/svg\" width=\"100%\" height=\"100%\" viewBox=\"0 0 32 32\"><path fill=\"#fff\" d=\"M28 16c0-6.627-5.373-12-12-12S4 9.373 4 16c0 5.628 3.875 10.35 9.101 11.647v-7.98h-2.474V16H13.1v-1.58c0-4.085 1.849-5.978 5.859-5.978.76 0 2.072.15 2.608.298v3.325c-.283-.03-.775-.045-1.386-.045-1.967 0-2.728.745-2.728 2.683V16h3.92l-.673 3.667h-3.247v8.245C23.395 27.195 28 22.135 28 16Z\"><\/path><\/svg><\/span><\/a><a aria-label=\"Print\" class=\"heateor_sss_button_print\" href=\"https:\/\/www.vifuco.com.vn\/en\/products\/spare-parts-for-concrete-mixers\" onclick=\"event.preventDefault();window.print()\" title=\"Print\" rel=\"noopener\" style=\"font-size:32px!important;box-shadow:none;display:inline-block;vertical-align:middle\"><span class=\"heateor_sss_svg heateor_sss_s__default heateor_sss_s_print\" style=\"background-color:#fd6500;width:35px;height:35px;border-radius:999px;display:inline-block;opacity:1;float:left;font-size:32px;box-shadow:none;display:inline-block;font-size:16px;padding:0 4px;vertical-align:middle;background-repeat:repeat;overflow:hidden;padding:0;cursor:pointer;box-sizing:content-box\"><svg style=\"display:block;border-radius:999px;\" focusable=\"false\" aria-hidden=\"true\" xmlns=\"http:\/\/www.w3.org\/2000\/svg\" width=\"100%\" height=\"100%\" viewBox=\"-2.8 -4.5 35 35\"><path stroke=\"#fff\" class=\"heateor_sss_svg_stroke\" d=\"M 7 10 h 2 v 3 h 12 v -3 h 2 v 7 h -2 v -3 h -12 v 3 h -2 z\" stroke-width=\"1\" fill=\"#fff\"><\/path><rect class=\"heateor_sss_no_fill heateor_sss_svg_stroke\" stroke=\"#fff\" stroke-width=\"1.8\" height=\"7\" width=\"10\" x=\"10\" y=\"5\" fill=\"none\"><\/rect><rect class=\"heateor_sss_svg_stroke\" stroke=\"#fff\" stroke-width=\"1\" height=\"5\" width=\"8\" x=\"11\" y=\"16\" fill=\"#fff\"><\/rect><\/svg><\/span><\/a><a class=\"heateor_sss_more\" aria-label=\"More\" title=\"More\" rel=\"nofollow noopener\" style=\"font-size: 32px!important;border:0;box-shadow:none;display:inline-block!important;font-size:16px;padding:0 4px;vertical-align: middle;display:inline;\" href=\"https:\/\/www.vifuco.com.vn\/en\/products\/spare-parts-for-concrete-mixers\" onclick=\"event.preventDefault()\"><span class=\"heateor_sss_svg\" style=\"background-color:#ee8e2d;width:35px;height:35px;border-radius:999px;display:inline-block!important;opacity:1;float:left;font-size:32px!important;box-shadow:none;display:inline-block;font-size:16px;padding:0 4px;vertical-align:middle;display:inline;background-repeat:repeat;overflow:hidden;padding:0;cursor:pointer;box-sizing:content-box;\" onclick=\"heateorSssMoreSharingPopup(this, 'https:\/\/www.vifuco.com.vn\/en\/products\/spare-parts-for-concrete-mixers', 'Spare%20parts%20for%20concrete%20mixers', '' )\"><svg xmlns=\"http:\/\/www.w3.org\/2000\/svg\" xmlns:xlink=\"http:\/\/www.w3.org\/1999\/xlink\" viewBox=\"-.3 0 32 32\" version=\"1.1\" width=\"100%\" height=\"100%\" style=\"display:block;border-radius:999px;\" xml:space=\"preserve\"><g><path fill=\"#fff\" d=\"M18 14V8h-4v6H8v4h6v6h4v-6h6v-4h-6z\" fill-rule=\"evenodd\"><\/path><\/g><\/svg><\/span><\/a><\/div><div class=\"heateorSssClear\"><\/div><\/div><div class='heateorSssClear'><\/div><p>Concrete mixer structure Position Name 1. Main frame 2. Frame supporting the drum 3. Drum 4. Drum gear 5. Driving gear 6. Reversing gear A 7. Pipe supporting the drum 8. Shaft supporting the drum 9. Hand crank tilting the drum 10. Reversing gear B 11. Spring 12. Engine box 13. Engine cover 14. Driven [&hellip;]<\/p>\n","protected":false},"featured_media":2293,"template":"","meta":{"_monsterinsights_skip_tracking":false,"_monsterinsights_sitenote_active":false,"_monsterinsights_sitenote_note":"","_monsterinsights_sitenote_category":0,"_uf_show_specific_survey":0,"_uf_disable_surveys":false,"site-sidebar-layout":"default","site-content-layout":"default","ast-site-content-layout":"default","site-content-style":"default","site-sidebar-style":"default","ast-global-header-display":"","ast-banner-title-visibility":"","ast-main-header-display":"","ast-hfb-above-header-display":"","ast-hfb-below-header-display":"","ast-hfb-mobile-header-display":"","site-post-title":"","ast-breadcrumbs-content":"","ast-featured-img":"","footer-sml-layout":"","ast-disable-related-posts":"","theme-transparent-header-meta":"default","adv-header-id-meta":"","stick-header-meta":"","header-above-stick-meta":"","header-main-stick-meta":"","header-below-stick-meta":"","astra-migrate-meta-layouts":"default","ast-page-background-enabled":"default","ast-page-background-meta":{"desktop":{"background-color":"var(--ast-global-color-4)","background-image":"","background-repeat":"repeat","background-position":"center center","background-size":"auto","background-attachment":"scroll","background-type":"","background-media":"","overlay-type":"","overlay-color":"","overlay-opacity":"","overlay-gradient":""},"tablet":{"background-color":"","background-image":"","background-repeat":"repeat","background-position":"center center","background-size":"auto","background-attachment":"scroll","background-type":"","background-media":"","overlay-type":"","overlay-color":"","overlay-opacity":"","overlay-gradient":""},"mobile":{"background-color":"","background-image":"","background-repeat":"repeat","background-position":"center center","background-size":"auto","background-attachment":"scroll","background-type":"","background-media":"","overlay-type":"","overlay-color":"","overlay-opacity":"","overlay-gradient":""}},"ast-content-background-meta":{"desktop":{"background-color":"var(--ast-global-color-5)","background-image":"","background-repeat":"repeat","background-position":"center center","background-size":"auto","background-attachment":"scroll","background-type":"","background-media":"","overlay-type":"","overlay-color":"","overlay-opacity":"","overlay-gradient":""},"tablet":{"background-color":"var(--ast-global-color-5)","background-image":"","background-repeat":"repeat","background-position":"center center","background-size":"auto","background-attachment":"scroll","background-type":"","background-media":"","overlay-type":"","overlay-color":"","overlay-opacity":"","overlay-gradient":""},"mobile":{"background-color":"var(--ast-global-color-5)","background-image":"","background-repeat":"repeat","background-position":"center center","background-size":"auto","background-attachment":"scroll","background-type":"","background-media":"","overlay-type":"","overlay-color":"","overlay-opacity":"","overlay-gradient":""}}},"product_brand":[],"product_cat":[64,1291],"product_tag":[1296,1297],"class_list":{"0":"post-6522","1":"product","2":"type-product","3":"status-publish","4":"has-post-thumbnail","6":"product_cat-spare-parts","7":"product_cat-concrete-mixer-spare-parts","8":"product_tag-concrete-mixer","9":"product_tag-spare-parts","10":"desktop-align-left","11":"tablet-align-left","12":"mobile-align-left","13":"ast-product-gallery-layout-horizontal-slider","14":"ast-product-gallery-with-no-image","15":"ast-product-tabs-layout-horizontal","17":"first","18":"instock","19":"shipping-taxable","20":"product-type-simple"},"_links":{"self":[{"href":"https:\/\/www.vifuco.com.vn\/en\/wp-json\/wp\/v2\/product\/6522","targetHints":{"allow":["GET"]}}],"collection":[{"href":"https:\/\/www.vifuco.com.vn\/en\/wp-json\/wp\/v2\/product"}],"about":[{"href":"https:\/\/www.vifuco.com.vn\/en\/wp-json\/wp\/v2\/types\/product"}],"version-history":[{"count":0,"href":"https:\/\/www.vifuco.com.vn\/en\/wp-json\/wp\/v2\/product\/6522\/revisions"}],"wp:featuredmedia":[{"embeddable":true,"href":"https:\/\/www.vifuco.com.vn\/en\/wp-json\/wp\/v2\/media\/2293"}],"wp:attachment":[{"href":"https:\/\/www.vifuco.com.vn\/en\/wp-json\/wp\/v2\/media?parent=6522"}],"wp:term":[{"taxonomy":"product_brand","embeddable":true,"href":"https:\/\/www.vifuco.com.vn\/en\/wp-json\/wp\/v2\/product_brand?post=6522"},{"taxonomy":"product_cat","embeddable":true,"href":"https:\/\/www.vifuco.com.vn\/en\/wp-json\/wp\/v2\/product_cat?post=6522"},{"taxonomy":"product_tag","embeddable":true,"href":"https:\/\/www.vifuco.com.vn\/en\/wp-json\/wp\/v2\/product_tag?post=6522"}],"curies":[{"name":"wp","href":"https:\/\/api.w.org\/{rel}","templated":true}]}}