{"id":655,"date":"2021-11-15T08:11:11","date_gmt":"2021-11-21T14:51:20","guid":{"rendered":"https:\/\/vifuco.com.vn\/san-pham\/concrete-mixer-ct200\/"},"modified":"2023-02-24T23:16:02","modified_gmt":"2023-02-24T16:16:02","slug":"ct200-concrete-mixer","status":"publish","type":"product","link":"https:\/\/www.vifuco.com.vn\/en\/products\/ct200-concrete-mixer","title":{"rendered":"CT200 concrete mixer"},"content":{"rendered":"<table width=\"667\">\n<tbody>\n<tr>\n<td width=\"428\">\n<h2><strong><span style=\"font-size: 14pt; font-family: 'times new roman', times, serif;\">MODEL<\/span><\/strong><\/h2>\n<\/td>\n<td style=\"text-align: center;\" width=\"239\">\n<h2><strong><span style=\"font-size: 14pt; font-family: 'times new roman', times, serif;\">CT200<\/span><\/strong><\/h2>\n<\/td>\n<\/tr>\n<tr>\n<td><span style=\"font-size: 14pt; font-family: 'times new roman', times, serif;\">Dimensions (mm)<\/span><\/td>\n<td style=\"text-align: center;\"><span style=\"font-size: 14pt; font-family: 'times new roman', times, serif;\">1500 x 830 x 1350<\/span><\/td>\n<\/tr>\n<tr>\n<td><span style=\"font-size: 14pt; font-family: 'times new roman', times, serif;\">Drum capacity (l)<\/span><\/td>\n<td style=\"text-align: center;\"><span style=\"font-size: 14pt; font-family: 'times new roman', times, serif;\">200<\/span><\/td>\n<\/tr>\n<tr>\n<td><span style=\"font-size: 14pt; font-family: 'times new roman', times, serif;\">Mixing capacity (l)<\/span><\/td>\n<td style=\"text-align: center;\"><span style=\"font-size: 14pt; font-family: 'times new roman', times, serif;\">100<\/span><\/td>\n<\/tr>\n<tr>\n<td><span style=\"font-size: 14pt; font-family: 'times new roman', times, serif;\">Productivity (m3\/h)<\/span><\/td>\n<td style=\"text-align: center;\"><span style=\"font-size: 14pt; font-family: 'times new roman', times, serif;\">2-3<\/span><\/td>\n<\/tr>\n<tr>\n<td><span style=\"font-size: 14pt; font-family: 'times new roman', times, serif;\">Drum rotation speed (r.p.m)<\/span><\/td>\n<td style=\"text-align: center;\"><span style=\"font-size: 14pt; font-family: 'times new roman', times, serif;\">22-26<\/span><\/td>\n<\/tr>\n<tr>\n<td><span style=\"font-size: 14pt; font-family: 'times new roman', times, serif;\">Weight (kg)<\/span><\/td>\n<td style=\"text-align: center;\"><span style=\"font-size: 14pt; font-family: 'times new roman', times, serif;\">160<\/span><\/td>\n<\/tr>\n<tr>\n<td><\/td>\n<td style=\"text-align: center;\"><\/td>\n<\/tr>\n<tr>\n<td><span style=\"font-size: 14pt; font-family: 'times new roman', times, serif;\">Gasoline engine (hp)<\/span><\/td>\n<td style=\"text-align: center;\"><span style=\"font-size: 14pt; font-family: 'times new roman', times, serif;\">4<\/span><\/td>\n<\/tr>\n<tr>\n<td><span style=\"font-size: 14pt; font-family: 'times new roman', times, serif;\">Electric motor (hp)<\/span><\/td>\n<td style=\"text-align: center;\"><span style=\"font-size: 14pt; font-family: 'times new roman', times, serif;\">2<\/span><\/td>\n<\/tr>\n<tr>\n<td><span style=\"font-size: 14pt; font-family: 'times new roman', times, serif;\">Diesel engine (hp)<\/span><\/td>\n<td style=\"text-align: center;\"><\/td>\n<\/tr>\n<\/tbody>\n<\/table>\n<p>&nbsp;<\/p>\n\n\n<div class=\"kk-star-ratings kksr-auto kksr-align-left kksr-valign-bottom\"\n    data-payload='{&quot;align&quot;:&quot;left&quot;,&quot;id&quot;:&quot;655&quot;,&quot;slug&quot;:&quot;default&quot;,&quot;valign&quot;:&quot;bottom&quot;,&quot;ignore&quot;:&quot;&quot;,&quot;reference&quot;:&quot;auto&quot;,&quot;class&quot;:&quot;&quot;,&quot;count&quot;:&quot;25&quot;,&quot;legendonly&quot;:&quot;&quot;,&quot;readonly&quot;:&quot;&quot;,&quot;score&quot;:&quot;4.6&quot;,&quot;starsonly&quot;:&quot;&quot;,&quot;best&quot;:&quot;5&quot;,&quot;gap&quot;:&quot;5&quot;,&quot;greet&quot;:&quot;M\u1eddi B\u1ea1n \u0111\u00e1nh gi\u00e1 | Please leave me some STARS&quot;,&quot;legend&quot;:&quot;4.6\\\/5 - (25 votes)&quot;,&quot;size&quot;:&quot;25&quot;,&quot;title&quot;:&quot;CT200 concrete mixer&quot;,&quot;width&quot;:&quot;135.5&quot;,&quot;_legend&quot;:&quot;{score}\\\/{best} - ({count} {votes})&quot;,&quot;font_factor&quot;:&quot;1.25&quot;}'>\n            \n<div class=\"kksr-stars\">\n    \n<div class=\"kksr-stars-inactive\">\n            <div class=\"kksr-star\" data-star=\"1\" style=\"padding-right: 5px\">\n            \n\n<div class=\"kksr-icon\" style=\"width: 25px; height: 25px;\"><\/div>\n        <\/div>\n            <div class=\"kksr-star\" data-star=\"2\" style=\"padding-right: 5px\">\n            \n\n<div class=\"kksr-icon\" style=\"width: 25px; height: 25px;\"><\/div>\n        <\/div>\n            <div class=\"kksr-star\" data-star=\"3\" style=\"padding-right: 5px\">\n            \n\n<div class=\"kksr-icon\" style=\"width: 25px; height: 25px;\"><\/div>\n        <\/div>\n            <div class=\"kksr-star\" data-star=\"4\" style=\"padding-right: 5px\">\n            \n\n<div class=\"kksr-icon\" style=\"width: 25px; height: 25px;\"><\/div>\n        <\/div>\n            <div class=\"kksr-star\" data-star=\"5\" style=\"padding-right: 5px\">\n            \n\n<div class=\"kksr-icon\" style=\"width: 25px; height: 25px;\"><\/div>\n        <\/div>\n    <\/div>\n    \n<div class=\"kksr-stars-active\" style=\"width: 135.5px;\">\n            <div class=\"kksr-star\" style=\"padding-right: 5px\">\n            \n\n<div class=\"kksr-icon\" style=\"width: 25px; height: 25px;\"><\/div>\n        <\/div>\n            <div class=\"kksr-star\" style=\"padding-right: 5px\">\n            \n\n<div class=\"kksr-icon\" style=\"width: 25px; height: 25px;\"><\/div>\n        <\/div>\n            <div class=\"kksr-star\" style=\"padding-right: 5px\">\n            \n\n<div class=\"kksr-icon\" style=\"width: 25px; height: 25px;\"><\/div>\n        <\/div>\n            <div class=\"kksr-star\" style=\"padding-right: 5px\">\n            \n\n<div class=\"kksr-icon\" style=\"width: 25px; height: 25px;\"><\/div>\n        <\/div>\n            <div class=\"kksr-star\" style=\"padding-right: 5px\">\n            \n\n<div class=\"kksr-icon\" style=\"width: 25px; height: 25px;\"><\/div>\n        <\/div>\n    <\/div>\n<\/div>\n                \n\n<div class=\"kksr-legend\" style=\"font-size: 20px;\">\n            4.6\/5 - (25 votes)    <\/div>\n    <\/div>\n","protected":false},"excerpt":{"rendered":"<div class='heateorSssClear'><\/div><div  class='heateor_sss_sharing_container heateor_sss_horizontal_sharing' data-heateor-sss-href='https:\/\/www.vifuco.com.vn\/en\/products\/ct200-concrete-mixer'><div class='heateor_sss_sharing_title' style=\"font-weight:bold\" >INFO by VIFUCO<\/div><div class=\"heateor_sss_sharing_ul\"><a aria-label=\"Facebook\" class=\"heateor_sss_facebook\" href=\"https:\/\/www.facebook.com\/sharer\/sharer.php?u=https%3A%2F%2Fwww.vifuco.com.vn%2Fen%2Fproducts%2Fct200-concrete-mixer\" title=\"Facebook\" rel=\"nofollow noopener\" target=\"_blank\" style=\"font-size:32px!important;box-shadow:none;display:inline-block;vertical-align:middle\"><span class=\"heateor_sss_svg\" style=\"background-color:#0765FE;width:35px;height:35px;border-radius:999px;display:inline-block;opacity:1;float:left;font-size:32px;box-shadow:none;display:inline-block;font-size:16px;padding:0 4px;vertical-align:middle;background-repeat:repeat;overflow:hidden;padding:0;cursor:pointer;box-sizing:content-box\"><svg style=\"display:block;border-radius:999px;\" focusable=\"false\" aria-hidden=\"true\" xmlns=\"http:\/\/www.w3.org\/2000\/svg\" width=\"100%\" height=\"100%\" viewBox=\"0 0 32 32\"><path fill=\"#fff\" d=\"M28 16c0-6.627-5.373-12-12-12S4 9.373 4 16c0 5.628 3.875 10.35 9.101 11.647v-7.98h-2.474V16H13.1v-1.58c0-4.085 1.849-5.978 5.859-5.978.76 0 2.072.15 2.608.298v3.325c-.283-.03-.775-.045-1.386-.045-1.967 0-2.728.745-2.728 2.683V16h3.92l-.673 3.667h-3.247v8.245C23.395 27.195 28 22.135 28 16Z\"><\/path><\/svg><\/span><\/a><a aria-label=\"Print\" class=\"heateor_sss_button_print\" href=\"https:\/\/www.vifuco.com.vn\/en\/products\/ct200-concrete-mixer\" onclick=\"event.preventDefault();window.print()\" title=\"Print\" rel=\"noopener\" style=\"font-size:32px!important;box-shadow:none;display:inline-block;vertical-align:middle\"><span class=\"heateor_sss_svg heateor_sss_s__default heateor_sss_s_print\" style=\"background-color:#fd6500;width:35px;height:35px;border-radius:999px;display:inline-block;opacity:1;float:left;font-size:32px;box-shadow:none;display:inline-block;font-size:16px;padding:0 4px;vertical-align:middle;background-repeat:repeat;overflow:hidden;padding:0;cursor:pointer;box-sizing:content-box\"><svg style=\"display:block;border-radius:999px;\" focusable=\"false\" aria-hidden=\"true\" xmlns=\"http:\/\/www.w3.org\/2000\/svg\" width=\"100%\" height=\"100%\" viewBox=\"-2.8 -4.5 35 35\"><path stroke=\"#fff\" class=\"heateor_sss_svg_stroke\" d=\"M 7 10 h 2 v 3 h 12 v -3 h 2 v 7 h -2 v -3 h -12 v 3 h -2 z\" stroke-width=\"1\" fill=\"#fff\"><\/path><rect class=\"heateor_sss_no_fill heateor_sss_svg_stroke\" stroke=\"#fff\" stroke-width=\"1.8\" height=\"7\" width=\"10\" x=\"10\" y=\"5\" fill=\"none\"><\/rect><rect class=\"heateor_sss_svg_stroke\" stroke=\"#fff\" stroke-width=\"1\" height=\"5\" width=\"8\" x=\"11\" y=\"16\" fill=\"#fff\"><\/rect><\/svg><\/span><\/a><a class=\"heateor_sss_more\" aria-label=\"More\" title=\"More\" rel=\"nofollow noopener\" style=\"font-size: 32px!important;border:0;box-shadow:none;display:inline-block!important;font-size:16px;padding:0 4px;vertical-align: middle;display:inline;\" href=\"https:\/\/www.vifuco.com.vn\/en\/products\/ct200-concrete-mixer\" onclick=\"event.preventDefault()\"><span class=\"heateor_sss_svg\" style=\"background-color:#ee8e2d;width:35px;height:35px;border-radius:999px;display:inline-block!important;opacity:1;float:left;font-size:32px!important;box-shadow:none;display:inline-block;font-size:16px;padding:0 4px;vertical-align:middle;display:inline;background-repeat:repeat;overflow:hidden;padding:0;cursor:pointer;box-sizing:content-box;\" onclick=\"heateorSssMoreSharingPopup(this, 'https:\/\/www.vifuco.com.vn\/en\/products\/ct200-concrete-mixer', 'CT200%20concrete%20mixer', '' )\"><svg xmlns=\"http:\/\/www.w3.org\/2000\/svg\" xmlns:xlink=\"http:\/\/www.w3.org\/1999\/xlink\" viewBox=\"-.3 0 32 32\" version=\"1.1\" width=\"100%\" height=\"100%\" style=\"display:block;border-radius:999px;\" xml:space=\"preserve\"><g><path fill=\"#fff\" d=\"M18 14V8h-4v6H8v4h6v6h4v-6h6v-4h-6z\" fill-rule=\"evenodd\"><\/path><\/g><\/svg><\/span><\/a><\/div><div class=\"heateorSssClear\"><\/div><\/div><div class='heateorSssClear'><\/div><p><span style=\"font-family: 'times new roman', times, serif; color: #808080;\"><b style=\"font-style: inherit;\">VIFUCO&#8217;s<\/b> <b style=\"font-style: inherit;\">concrete mixer <\/b><span style=\"font-size: 16px; font-weight: 400;\">is a machine used to mix evenly the mixtures of concrete and mortar mixtures such as sand, stone, cement, water and other additives according to a defined mix <\/span><span style=\"font-size: 16px; font-weight: 400;\">for construction works<\/span><span style=\"font-size: 16px; font-weight: 400;\">. People use cement concrete in industry because this material has high durability, can resist fire and create building structures with aesthetics, so it is widely used in permanent items such as: bridges, roads, houses\u2026.<\/span><\/span><\/p>\n<p><span style=\"font-weight: 400; font-family: 'times new roman', times, serif; color: #808080;\">Compared with manual mixing, the main effect of concrete mixers is to provide quick and quality construction materials to ensure productivity, shorten construction time, save cement, other materials as well as reducing human labor brings great efficiency.<\/span><\/p>\n<p style=\"text-align: center;\"><span style=\"font-family: 'times new roman', times, serif;\"><a title=\"About\" href=\"https:\/\/vifuco.com.vn\/en\/about-us\" target=\"_blank\" rel=\"noopener\" data-schema-attribute=\"about mentions\"><span style=\"color: #ff0000;\"><b>VIFUCO<\/b><\/span><\/a> <span style=\"font-weight: 400; color: #808080;\">trusted address for quality and efficiency<\/span><\/span><\/p>\n","protected":false},"featured_media":7026,"template":"","meta":{"_monsterinsights_skip_tracking":false,"_monsterinsights_sitenote_active":false,"_monsterinsights_sitenote_note":"","_monsterinsights_sitenote_category":0,"_uf_show_specific_survey":0,"_uf_disable_surveys":false,"site-sidebar-layout":"default","site-content-layout":"default","ast-site-content-layout":"default","site-content-style":"default","site-sidebar-style":"default","ast-global-header-display":"","ast-banner-title-visibility":"","ast-main-header-display":"","ast-hfb-above-header-display":"","ast-hfb-below-header-display":"","ast-hfb-mobile-header-display":"","site-post-title":"","ast-breadcrumbs-content":"","ast-featured-img":"","footer-sml-layout":"","ast-disable-related-posts":"","theme-transparent-header-meta":"default","adv-header-id-meta":"","stick-header-meta":"","header-above-stick-meta":"","header-main-stick-meta":"","header-below-stick-meta":"","astra-migrate-meta-layouts":"default","ast-page-background-enabled":"default","ast-page-background-meta":{"desktop":{"background-color":"var(--ast-global-color-4)","background-image":"","background-repeat":"repeat","background-position":"center center","background-size":"auto","background-attachment":"scroll","background-type":"","background-media":"","overlay-type":"","overlay-color":"","overlay-opacity":"","overlay-gradient":""},"tablet":{"background-color":"","background-image":"","background-repeat":"repeat","background-position":"center center","background-size":"auto","background-attachment":"scroll","background-type":"","background-media":"","overlay-type":"","overlay-color":"","overlay-opacity":"","overlay-gradient":""},"mobile":{"background-color":"","background-image":"","background-repeat":"repeat","background-position":"center center","background-size":"auto","background-attachment":"scroll","background-type":"","background-media":"","overlay-type":"","overlay-color":"","overlay-opacity":"","overlay-gradient":""}},"ast-content-background-meta":{"desktop":{"background-color":"var(--ast-global-color-5)","background-image":"","background-repeat":"repeat","background-position":"center center","background-size":"auto","background-attachment":"scroll","background-type":"","background-media":"","overlay-type":"","overlay-color":"","overlay-opacity":"","overlay-gradient":""},"tablet":{"background-color":"var(--ast-global-color-5)","background-image":"","background-repeat":"repeat","background-position":"center center","background-size":"auto","background-attachment":"scroll","background-type":"","background-media":"","overlay-type":"","overlay-color":"","overlay-opacity":"","overlay-gradient":""},"mobile":{"background-color":"var(--ast-global-color-5)","background-image":"","background-repeat":"repeat","background-position":"center center","background-size":"auto","background-attachment":"scroll","background-type":"","background-media":"","overlay-type":"","overlay-color":"","overlay-opacity":"","overlay-gradient":""}}},"product_brand":[],"product_cat":[60],"product_tag":[902,896,901],"class_list":{"0":"post-655","1":"product","2":"type-product","3":"status-publish","4":"has-post-thumbnail","6":"product_cat-concrete-mixer","7":"product_tag-quality-concrete-mixer","8":"product_tag-vifuco-en-2","9":"product_tag-vifuco-concrete-mixer","10":"desktop-align-left","11":"tablet-align-left","12":"mobile-align-left","13":"ast-product-gallery-layout-horizontal-slider","14":"ast-product-gallery-with-no-image","15":"ast-product-tabs-layout-horizontal","17":"first","18":"instock","19":"featured","20":"shipping-taxable","21":"product-type-simple"},"_links":{"self":[{"href":"https:\/\/www.vifuco.com.vn\/en\/wp-json\/wp\/v2\/product\/655","targetHints":{"allow":["GET"]}}],"collection":[{"href":"https:\/\/www.vifuco.com.vn\/en\/wp-json\/wp\/v2\/product"}],"about":[{"href":"https:\/\/www.vifuco.com.vn\/en\/wp-json\/wp\/v2\/types\/product"}],"version-history":[{"count":1,"href":"https:\/\/www.vifuco.com.vn\/en\/wp-json\/wp\/v2\/product\/655\/revisions"}],"predecessor-version":[{"id":9405,"href":"https:\/\/www.vifuco.com.vn\/en\/wp-json\/wp\/v2\/product\/655\/revisions\/9405"}],"wp:featuredmedia":[{"embeddable":true,"href":"https:\/\/www.vifuco.com.vn\/en\/wp-json\/wp\/v2\/media\/7026"}],"wp:attachment":[{"href":"https:\/\/www.vifuco.com.vn\/en\/wp-json\/wp\/v2\/media?parent=655"}],"wp:term":[{"taxonomy":"product_brand","embeddable":true,"href":"https:\/\/www.vifuco.com.vn\/en\/wp-json\/wp\/v2\/product_brand?post=655"},{"taxonomy":"product_cat","embeddable":true,"href":"https:\/\/www.vifuco.com.vn\/en\/wp-json\/wp\/v2\/product_cat?post=655"},{"taxonomy":"product_tag","embeddable":true,"href":"https:\/\/www.vifuco.com.vn\/en\/wp-json\/wp\/v2\/product_tag?post=655"}],"curies":[{"name":"wp","href":"https:\/\/api.w.org\/{rel}","templated":true}]}}