{"id":8206,"date":"2022-11-04T11:51:20","date_gmt":"2022-11-04T04:51:21","guid":{"rendered":"https:\/\/www.vifuco.com.vn\/?post_type=product&#038;p=8206"},"modified":"2023-09-22T17:58:47","modified_gmt":"2023-09-22T10:58:47","slug":"winch-frame","status":"publish","type":"product","link":"https:\/\/www.vifuco.com.vn\/en\/products\/winch-frame","title":{"rendered":"Winch frame (KT)"},"content":{"rendered":"<table style=\"font-size: 16px; font-style: normal; border-collapse: collapse; width: 78.9345%; height: 372px;\">\n<tbody>\n<tr style=\"height: 52px;\">\n<td style=\"width: 42.2132%; height: 10px;\">\n<h2><span style=\"font-family: 'times new roman', times, serif; font-size: 14pt;\"><strong>MODEL<\/strong><\/span><\/h2>\n<\/td>\n<td style=\"width: 36.9532%; height: 10px; text-align: center;\">\n<h2><span style=\"font-family: 'times new roman', times, serif; font-size: 14pt;\"><strong>Winch frame<\/strong><\/span><\/h2>\n<\/td>\n<\/tr>\n<tr style=\"height: 52px;\">\n<td style=\"width: 42.2132%; height: 52px;\"><span style=\"font-family: 'times new roman', times, serif; font-size: 14pt;\">Material<\/span><\/td>\n<td style=\"width: 36.9532%; height: 52px; text-align: center;\"><span style=\"font-family: 'times new roman', times, serif; font-size: 14pt;\">Gudgeon<\/span><\/td>\n<\/tr>\n<tr style=\"height: 52px;\">\n<td style=\"width: 42.2132%; height: 52px;\"><span style=\"font-family: 'times new roman', times, serif; font-size: 14pt;\">Engine (HP)<\/span><\/td>\n<td style=\"width: 36.9532%; height: 52px; text-align: center;\"><span style=\"font-family: 'times new roman', times, serif; font-size: 14pt;\">3<\/span><\/td>\n<\/tr>\n<tr style=\"height: 52px;\">\n<td style=\"width: 42.2132%; height: 52px;\"><span style=\"font-family: 'times new roman', times, serif; font-size: 14pt;\">Wire length (m)<\/span><\/td>\n<td style=\"width: 36.9532%; height: 52px; text-align: center;\"><span style=\"font-family: 'times new roman', times, serif; font-size: 14pt;\">30<\/span><\/td>\n<\/tr>\n<tr style=\"height: 52px;\">\n<td style=\"width: 42.2132%; height: 52px;\"><span style=\"font-family: 'times new roman', times, serif; font-size: 14pt;\">Wire diameter (mm)<\/span><\/td>\n<td style=\"width: 36.9532%; height: 52px; text-align: center;\"><span style=\"font-family: 'times new roman', times, serif; font-size: 14pt;\">12<\/span><\/td>\n<\/tr>\n<tr style=\"height: 52px;\">\n<td style=\"width: 42.2132%; height: 52px;\"><span style=\"font-family: 'times new roman', times, serif; font-size: 14pt;\">Lifting Capacity (Kg)<\/span><\/td>\n<td style=\"width: 36.9532%; height: 52px; text-align: center;\"><span style=\"font-family: 'times new roman', times, serif; font-size: 14pt;\">50 &#8211; 80<\/span><\/td>\n<\/tr>\n<tr style=\"height: 51px;\">\n<td style=\"width: 42.2132%; height: 51px;\"><span style=\"font-family: 'times new roman', times, serif; font-size: 14pt;\">Lifting speed (m\/min)<\/span><\/td>\n<td style=\"width: 36.9532%; text-align: center; height: 51px;\"><span style=\"font-family: 'times new roman', times, serif; font-size: 14pt;\">70 &#8211; 90<\/span><\/td>\n<\/tr>\n<tr style=\"height: 51px;\">\n<td style=\"width: 42.2132%; height: 51px;\"><span style=\"font-family: 'times new roman', times, serif; font-size: 14pt;\">Dimensions (cm)<\/span><\/td>\n<td style=\"width: 36.9532%; text-align: center; height: 51px;\"><span style=\"font-family: 'times new roman', times, serif; font-size: 14pt;\">78 x 60 x 40<\/span><\/td>\n<\/tr>\n<\/tbody>\n<\/table>\n\n\n<div class=\"kk-star-ratings kksr-auto kksr-align-left kksr-valign-bottom\"\n    data-payload='{&quot;align&quot;:&quot;left&quot;,&quot;id&quot;:&quot;8206&quot;,&quot;slug&quot;:&quot;default&quot;,&quot;valign&quot;:&quot;bottom&quot;,&quot;ignore&quot;:&quot;&quot;,&quot;reference&quot;:&quot;auto&quot;,&quot;class&quot;:&quot;&quot;,&quot;count&quot;:&quot;11&quot;,&quot;legendonly&quot;:&quot;&quot;,&quot;readonly&quot;:&quot;&quot;,&quot;score&quot;:&quot;4.2&quot;,&quot;starsonly&quot;:&quot;&quot;,&quot;best&quot;:&quot;5&quot;,&quot;gap&quot;:&quot;5&quot;,&quot;greet&quot;:&quot;M\u1eddi B\u1ea1n \u0111\u00e1nh gi\u00e1 | Please leave me some STARS&quot;,&quot;legend&quot;:&quot;4.2\\\/5 - (11 votes)&quot;,&quot;size&quot;:&quot;25&quot;,&quot;title&quot;:&quot;Winch frame (KT)&quot;,&quot;width&quot;:&quot;123.5&quot;,&quot;_legend&quot;:&quot;{score}\\\/{best} - ({count} {votes})&quot;,&quot;font_factor&quot;:&quot;1.25&quot;}'>\n            \n<div class=\"kksr-stars\">\n    \n<div class=\"kksr-stars-inactive\">\n            <div class=\"kksr-star\" data-star=\"1\" style=\"padding-right: 5px\">\n            \n\n<div class=\"kksr-icon\" style=\"width: 25px; height: 25px;\"><\/div>\n        <\/div>\n            <div class=\"kksr-star\" data-star=\"2\" style=\"padding-right: 5px\">\n            \n\n<div class=\"kksr-icon\" style=\"width: 25px; height: 25px;\"><\/div>\n        <\/div>\n            <div class=\"kksr-star\" data-star=\"3\" style=\"padding-right: 5px\">\n            \n\n<div class=\"kksr-icon\" style=\"width: 25px; height: 25px;\"><\/div>\n        <\/div>\n            <div class=\"kksr-star\" data-star=\"4\" style=\"padding-right: 5px\">\n            \n\n<div class=\"kksr-icon\" style=\"width: 25px; height: 25px;\"><\/div>\n        <\/div>\n            <div class=\"kksr-star\" data-star=\"5\" style=\"padding-right: 5px\">\n            \n\n<div class=\"kksr-icon\" style=\"width: 25px; height: 25px;\"><\/div>\n        <\/div>\n    <\/div>\n    \n<div class=\"kksr-stars-active\" style=\"width: 123.5px;\">\n            <div class=\"kksr-star\" style=\"padding-right: 5px\">\n            \n\n<div class=\"kksr-icon\" style=\"width: 25px; height: 25px;\"><\/div>\n        <\/div>\n            <div class=\"kksr-star\" style=\"padding-right: 5px\">\n            \n\n<div class=\"kksr-icon\" style=\"width: 25px; height: 25px;\"><\/div>\n        <\/div>\n            <div class=\"kksr-star\" style=\"padding-right: 5px\">\n            \n\n<div class=\"kksr-icon\" style=\"width: 25px; height: 25px;\"><\/div>\n        <\/div>\n            <div class=\"kksr-star\" style=\"padding-right: 5px\">\n            \n\n<div class=\"kksr-icon\" style=\"width: 25px; height: 25px;\"><\/div>\n        <\/div>\n            <div class=\"kksr-star\" style=\"padding-right: 5px\">\n            \n\n<div class=\"kksr-icon\" style=\"width: 25px; height: 25px;\"><\/div>\n        <\/div>\n    <\/div>\n<\/div>\n                \n\n<div class=\"kksr-legend\" style=\"font-size: 20px;\">\n            4.2\/5 - (11 votes)    <\/div>\n    <\/div>\n","protected":false},"excerpt":{"rendered":"<div class='heateorSssClear'><\/div><div  class='heateor_sss_sharing_container heateor_sss_horizontal_sharing' data-heateor-sss-href='https:\/\/www.vifuco.com.vn\/en\/products\/winch-frame'><div class='heateor_sss_sharing_title' style=\"font-weight:bold\" >INFO by VIFUCO<\/div><div class=\"heateor_sss_sharing_ul\"><a aria-label=\"Facebook\" class=\"heateor_sss_facebook\" href=\"https:\/\/www.facebook.com\/sharer\/sharer.php?u=https%3A%2F%2Fwww.vifuco.com.vn%2Fen%2Fproducts%2Fwinch-frame\" title=\"Facebook\" rel=\"nofollow noopener\" target=\"_blank\" style=\"font-size:32px!important;box-shadow:none;display:inline-block;vertical-align:middle\"><span class=\"heateor_sss_svg\" style=\"background-color:#0765FE;width:35px;height:35px;border-radius:999px;display:inline-block;opacity:1;float:left;font-size:32px;box-shadow:none;display:inline-block;font-size:16px;padding:0 4px;vertical-align:middle;background-repeat:repeat;overflow:hidden;padding:0;cursor:pointer;box-sizing:content-box\"><svg style=\"display:block;border-radius:999px;\" focusable=\"false\" aria-hidden=\"true\" xmlns=\"http:\/\/www.w3.org\/2000\/svg\" width=\"100%\" height=\"100%\" viewBox=\"0 0 32 32\"><path fill=\"#fff\" d=\"M28 16c0-6.627-5.373-12-12-12S4 9.373 4 16c0 5.628 3.875 10.35 9.101 11.647v-7.98h-2.474V16H13.1v-1.58c0-4.085 1.849-5.978 5.859-5.978.76 0 2.072.15 2.608.298v3.325c-.283-.03-.775-.045-1.386-.045-1.967 0-2.728.745-2.728 2.683V16h3.92l-.673 3.667h-3.247v8.245C23.395 27.195 28 22.135 28 16Z\"><\/path><\/svg><\/span><\/a><a aria-label=\"Print\" class=\"heateor_sss_button_print\" href=\"https:\/\/www.vifuco.com.vn\/en\/products\/winch-frame\" onclick=\"event.preventDefault();window.print()\" title=\"Print\" rel=\"noopener\" style=\"font-size:32px!important;box-shadow:none;display:inline-block;vertical-align:middle\"><span class=\"heateor_sss_svg heateor_sss_s__default heateor_sss_s_print\" style=\"background-color:#fd6500;width:35px;height:35px;border-radius:999px;display:inline-block;opacity:1;float:left;font-size:32px;box-shadow:none;display:inline-block;font-size:16px;padding:0 4px;vertical-align:middle;background-repeat:repeat;overflow:hidden;padding:0;cursor:pointer;box-sizing:content-box\"><svg style=\"display:block;border-radius:999px;\" focusable=\"false\" aria-hidden=\"true\" xmlns=\"http:\/\/www.w3.org\/2000\/svg\" width=\"100%\" height=\"100%\" viewBox=\"-2.8 -4.5 35 35\"><path stroke=\"#fff\" class=\"heateor_sss_svg_stroke\" d=\"M 7 10 h 2 v 3 h 12 v -3 h 2 v 7 h -2 v -3 h -12 v 3 h -2 z\" stroke-width=\"1\" fill=\"#fff\"><\/path><rect class=\"heateor_sss_no_fill heateor_sss_svg_stroke\" stroke=\"#fff\" stroke-width=\"1.8\" height=\"7\" width=\"10\" x=\"10\" y=\"5\" fill=\"none\"><\/rect><rect class=\"heateor_sss_svg_stroke\" stroke=\"#fff\" stroke-width=\"1\" height=\"5\" width=\"8\" x=\"11\" y=\"16\" fill=\"#fff\"><\/rect><\/svg><\/span><\/a><a class=\"heateor_sss_more\" aria-label=\"More\" title=\"More\" rel=\"nofollow noopener\" style=\"font-size: 32px!important;border:0;box-shadow:none;display:inline-block!important;font-size:16px;padding:0 4px;vertical-align: middle;display:inline;\" href=\"https:\/\/www.vifuco.com.vn\/en\/products\/winch-frame\" onclick=\"event.preventDefault()\"><span class=\"heateor_sss_svg\" style=\"background-color:#ee8e2d;width:35px;height:35px;border-radius:999px;display:inline-block!important;opacity:1;float:left;font-size:32px!important;box-shadow:none;display:inline-block;font-size:16px;padding:0 4px;vertical-align:middle;display:inline;background-repeat:repeat;overflow:hidden;padding:0;cursor:pointer;box-sizing:content-box;\" onclick=\"heateorSssMoreSharingPopup(this, 'https:\/\/www.vifuco.com.vn\/en\/products\/winch-frame', 'Winch%20frame%20%28KT%29', '' )\"><svg xmlns=\"http:\/\/www.w3.org\/2000\/svg\" xmlns:xlink=\"http:\/\/www.w3.org\/1999\/xlink\" viewBox=\"-.3 0 32 32\" version=\"1.1\" width=\"100%\" height=\"100%\" style=\"display:block;border-radius:999px;\" xml:space=\"preserve\"><g><path fill=\"#fff\" d=\"M18 14V8h-4v6H8v4h6v6h4v-6h6v-4h-6z\" fill-rule=\"evenodd\"><\/path><\/g><\/svg><\/span><\/a><\/div><div class=\"heateorSssClear\"><\/div><\/div><div class='heateorSssClear'><\/div><p><span style=\"font-family: 'times new roman', times, serif;\">The winch frame is a device that supports lifting and moving heavy objects easily. The equipment is widely applied in warehouses, docks, factories, to improve working productivity and reduce labor costs.<\/span><\/p>\n<p style=\"text-align: center;\"><span style=\"font-family: 'times new roman', times, serif;\"><a title=\"About us\" href=\"https:\/\/vifuco.com.vn\/gioi-thieu\" target=\"_blank\" rel=\"noopener\" data-schema-attribute=\"about mentions\"><b><span style=\"color: #ff0000;\">VIFUCO<\/span><\/b><\/a> trusted address for quality and efficiency<\/span><\/p>\n","protected":false},"featured_media":8215,"template":"","meta":{"_monsterinsights_skip_tracking":false,"_monsterinsights_sitenote_active":false,"_monsterinsights_sitenote_note":"","_monsterinsights_sitenote_category":0,"_uf_show_specific_survey":0,"_uf_disable_surveys":false,"site-sidebar-layout":"default","site-content-layout":"default","ast-site-content-layout":"default","site-content-style":"default","site-sidebar-style":"default","ast-global-header-display":"","ast-banner-title-visibility":"","ast-main-header-display":"","ast-hfb-above-header-display":"","ast-hfb-below-header-display":"","ast-hfb-mobile-header-display":"","site-post-title":"","ast-breadcrumbs-content":"","ast-featured-img":"","footer-sml-layout":"","ast-disable-related-posts":"","theme-transparent-header-meta":"default","adv-header-id-meta":"","stick-header-meta":"","header-above-stick-meta":"","header-main-stick-meta":"","header-below-stick-meta":"","astra-migrate-meta-layouts":"default","ast-page-background-enabled":"default","ast-page-background-meta":{"desktop":{"background-color":"var(--ast-global-color-4)","background-image":"","background-repeat":"repeat","background-position":"center center","background-size":"auto","background-attachment":"scroll","background-type":"","background-media":"","overlay-type":"","overlay-color":"","overlay-opacity":"","overlay-gradient":""},"tablet":{"background-color":"","background-image":"","background-repeat":"repeat","background-position":"center center","background-size":"auto","background-attachment":"scroll","background-type":"","background-media":"","overlay-type":"","overlay-color":"","overlay-opacity":"","overlay-gradient":""},"mobile":{"background-color":"","background-image":"","background-repeat":"repeat","background-position":"center center","background-size":"auto","background-attachment":"scroll","background-type":"","background-media":"","overlay-type":"","overlay-color":"","overlay-opacity":"","overlay-gradient":""}},"ast-content-background-meta":{"desktop":{"background-color":"var(--ast-global-color-5)","background-image":"","background-repeat":"repeat","background-position":"center center","background-size":"auto","background-attachment":"scroll","background-type":"","background-media":"","overlay-type":"","overlay-color":"","overlay-opacity":"","overlay-gradient":""},"tablet":{"background-color":"var(--ast-global-color-5)","background-image":"","background-repeat":"repeat","background-position":"center center","background-size":"auto","background-attachment":"scroll","background-type":"","background-media":"","overlay-type":"","overlay-color":"","overlay-opacity":"","overlay-gradient":""},"mobile":{"background-color":"var(--ast-global-color-5)","background-image":"","background-repeat":"repeat","background-position":"center center","background-size":"auto","background-attachment":"scroll","background-type":"","background-media":"","overlay-type":"","overlay-color":"","overlay-opacity":"","overlay-gradient":""}}},"product_brand":[],"product_cat":[1582],"product_tag":[896,1394],"class_list":{"0":"post-8206","1":"product","2":"type-product","3":"status-publish","4":"has-post-thumbnail","6":"product_cat-winching-machine","7":"product_tag-vifuco-en-2","8":"product_tag-winch-frame","9":"desktop-align-left","10":"tablet-align-left","11":"mobile-align-left","12":"ast-product-gallery-layout-horizontal-slider","13":"ast-product-gallery-with-no-image","14":"ast-product-tabs-layout-horizontal","16":"first","17":"instock","18":"shipping-taxable","19":"product-type-simple"},"_links":{"self":[{"href":"https:\/\/www.vifuco.com.vn\/en\/wp-json\/wp\/v2\/product\/8206","targetHints":{"allow":["GET"]}}],"collection":[{"href":"https:\/\/www.vifuco.com.vn\/en\/wp-json\/wp\/v2\/product"}],"about":[{"href":"https:\/\/www.vifuco.com.vn\/en\/wp-json\/wp\/v2\/types\/product"}],"version-history":[{"count":3,"href":"https:\/\/www.vifuco.com.vn\/en\/wp-json\/wp\/v2\/product\/8206\/revisions"}],"predecessor-version":[{"id":8213,"href":"https:\/\/www.vifuco.com.vn\/en\/wp-json\/wp\/v2\/product\/8206\/revisions\/8213"}],"wp:featuredmedia":[{"embeddable":true,"href":"https:\/\/www.vifuco.com.vn\/en\/wp-json\/wp\/v2\/media\/8215"}],"wp:attachment":[{"href":"https:\/\/www.vifuco.com.vn\/en\/wp-json\/wp\/v2\/media?parent=8206"}],"wp:term":[{"taxonomy":"product_brand","embeddable":true,"href":"https:\/\/www.vifuco.com.vn\/en\/wp-json\/wp\/v2\/product_brand?post=8206"},{"taxonomy":"product_cat","embeddable":true,"href":"https:\/\/www.vifuco.com.vn\/en\/wp-json\/wp\/v2\/product_cat?post=8206"},{"taxonomy":"product_tag","embeddable":true,"href":"https:\/\/www.vifuco.com.vn\/en\/wp-json\/wp\/v2\/product_tag?post=8206"}],"curies":[{"name":"wp","href":"https:\/\/api.w.org\/{rel}","templated":true}]}}